{"id":632,"date":"2023-09-28T18:30:47","date_gmt":"2023-09-28T18:30:47","guid":{"rendered":"https:\/\/emmisa.com\/?post_type=product&#038;p=632"},"modified":"2024-05-25T03:27:13","modified_gmt":"2024-05-25T03:27:13","slug":"tamarind-pulp-unsweetened","status":"publish","type":"product","link":"https:\/\/emmisa.com\/en\/product\/tamarind-pulp-unsweetened\/","title":{"rendered":"Tamarind pulp Unsweetened"},"content":{"rendered":"<p>La pulpa de tamarindo es un producto obtenido mediante la desintegraci\u00f3n y filtraci\u00f3n de la fracci\u00f3n comestible de tamarindos maduros, que luego se cocina y se evapora.<\/p>\n<p>Presentaci\u00f3n: cubeta de 20 kg. Rinde 520 litros de agua fresca. No requiere refrigeraci\u00f3n. Ideal para:<\/p>\n<ul>\n<li>Fresh water<\/li>\n<li>Ice cream and popsicles<\/li>\n<li>Homemade sauces\/wings<\/li>\n<li>sauces<\/li>\n<li>Cocktails<\/li>\n<li>Candys<\/li>\n<\/ul>","protected":false},"excerpt":{"rendered":"<p>La pulpa de tamarindo es un producto obtenido mediante la desintegraci\u00f3n y filtraci\u00f3n de la fracci\u00f3n comestible de tamarindos maduros, que luego se cocina y se evapora. Presentaci\u00f3n: cubeta de 20 kg. Rinde 520 litros de agua fresca. No requiere refrigeraci\u00f3n. Ideal para: Agua fresca Helados y paletas Salsas caseras\/alitas Salsas C\u00f3cteles Dulces<\/p>","protected":false},"featured_media":633,"comment_status":"open","ping_status":"closed","template":"","meta":{"site-sidebar-layout":"default","site-content-layout":"","ast-site-content-layout":"default","site-content-style":"default","site-sidebar-style":"default","ast-global-header-display":"","ast-banner-title-visibility":"","ast-main-header-display":"","ast-hfb-above-header-display":"","ast-hfb-below-header-display":"","ast-hfb-mobile-header-display":"","site-post-title":"","ast-breadcrumbs-content":"","ast-featured-img":"","footer-sml-layout":"","theme-transparent-header-meta":"default","adv-header-id-meta":"","stick-header-meta":"","header-above-stick-meta":"","header-main-stick-meta":"","header-below-stick-meta":"","astra-migrate-meta-layouts":"set"},"product_brand":[],"product_cat":[60],"product_tag":[],"class_list":{"0":"post-632","1":"product","2":"type-product","3":"status-publish","4":"has-post-thumbnail","6":"product_cat-pulpas","7":"desktop-align-left","8":"tablet-align-left","9":"mobile-align-left","11":"first","12":"instock","13":"shipping-taxable","14":"product-type-simple"},"yoast_head":"<!-- This site is optimized with the Yoast SEO plugin v27.0 - https:\/\/yoast.com\/product\/yoast-seo-wordpress\/ -->\n<title>Pulpa de tamarindo sin az\u00facar a\u00f1adida - Emissa INC<\/title>\n<meta name=\"robots\" content=\"index, follow, max-snippet:-1, max-image-preview:large, max-video-preview:-1\" \/>\n<link rel=\"canonical\" href=\"https:\/\/emmisa.com\/en\/product\/tamarind-pulp-unsweetened\/\" \/>\n<meta property=\"og:locale\" content=\"en_US\" \/>\n<meta property=\"og:type\" content=\"article\" \/>\n<meta property=\"og:title\" content=\"Pulpa de tamarindo sin az\u00facar a\u00f1adida - Emissa INC\" \/>\n<meta property=\"og:description\" content=\"La pulpa de tamarindo es un producto obtenido mediante la desintegraci\u00f3n y filtraci\u00f3n de la fracci\u00f3n comestible de tamarindos maduros, que luego se cocina y se evapora. Presentaci\u00f3n: cubeta de 20 kg. Rinde 520 litros de agua fresca. No requiere refrigeraci\u00f3n. Ideal para: Agua fresca Helados y paletas Salsas caseras\/alitas Salsas C\u00f3cteles Dulces\" \/>\n<meta property=\"og:url\" content=\"https:\/\/emmisa.com\/en\/product\/tamarind-pulp-unsweetened\/\" \/>\n<meta property=\"og:site_name\" content=\"Emissa INC\" \/>\n<meta property=\"article:modified_time\" content=\"2024-05-25T03:27:13+00:00\" \/>\n<meta property=\"og:image\" content=\"https:\/\/emmisa.com\/wp-content\/uploads\/2023\/10\/Tamarind-pulp-unsweetened-1.png\" \/>\n\t<meta property=\"og:image:width\" content=\"1080\" \/>\n\t<meta property=\"og:image:height\" content=\"1080\" \/>\n\t<meta property=\"og:image:type\" content=\"image\/png\" \/>\n<meta name=\"twitter:card\" content=\"summary_large_image\" \/>\n<meta name=\"twitter:label1\" content=\"Est. reading time\" \/>\n\t<meta name=\"twitter:data1\" content=\"1 minute\" \/>\n<script type=\"application\/ld+json\" class=\"yoast-schema-graph\">{\"@context\":\"https:\/\/schema.org\",\"@graph\":[{\"@type\":\"WebPage\",\"@id\":\"https:\/\/emmisa.com\/product\/tamarind-pulp-unsweetened\/\",\"url\":\"https:\/\/emmisa.com\/product\/tamarind-pulp-unsweetened\/\",\"name\":\"Pulpa de tamarindo sin az\u00facar a\u00f1adida - Emissa INC\",\"isPartOf\":{\"@id\":\"https:\/\/emmisa.com\/#website\"},\"primaryImageOfPage\":{\"@id\":\"https:\/\/emmisa.com\/product\/tamarind-pulp-unsweetened\/#primaryimage\"},\"image\":{\"@id\":\"https:\/\/emmisa.com\/product\/tamarind-pulp-unsweetened\/#primaryimage\"},\"thumbnailUrl\":\"https:\/\/emmisa.com\/wp-content\/uploads\/2023\/10\/Tamarind-pulp-unsweetened-1.png\",\"datePublished\":\"2023-09-28T18:30:47+00:00\",\"dateModified\":\"2024-05-25T03:27:13+00:00\",\"breadcrumb\":{\"@id\":\"https:\/\/emmisa.com\/product\/tamarind-pulp-unsweetened\/#breadcrumb\"},\"inLanguage\":\"en-CA\",\"potentialAction\":[{\"@type\":\"ReadAction\",\"target\":[\"https:\/\/emmisa.com\/product\/tamarind-pulp-unsweetened\/\"]}]},{\"@type\":\"ImageObject\",\"inLanguage\":\"en-CA\",\"@id\":\"https:\/\/emmisa.com\/product\/tamarind-pulp-unsweetened\/#primaryimage\",\"url\":\"https:\/\/emmisa.com\/wp-content\/uploads\/2023\/10\/Tamarind-pulp-unsweetened-1.png\",\"contentUrl\":\"https:\/\/emmisa.com\/wp-content\/uploads\/2023\/10\/Tamarind-pulp-unsweetened-1.png\",\"width\":1080,\"height\":1080},{\"@type\":\"BreadcrumbList\",\"@id\":\"https:\/\/emmisa.com\/product\/tamarind-pulp-unsweetened\/#breadcrumb\",\"itemListElement\":[{\"@type\":\"ListItem\",\"position\":1,\"name\":\"Inicio\",\"item\":\"https:\/\/emmisa.com\/\"},{\"@type\":\"ListItem\",\"position\":2,\"name\":\"Shop\",\"item\":\"https:\/\/emmisa.com\/en\/shop\/\"},{\"@type\":\"ListItem\",\"position\":3,\"name\":\"Pulpa de tamarindo sin az\u00facar a\u00f1adida\"}]},{\"@type\":\"WebSite\",\"@id\":\"https:\/\/emmisa.com\/#website\",\"url\":\"https:\/\/emmisa.com\/\",\"name\":\"Emissa - Compa\u00f1\u00eda de Brokers Internacional\",\"description\":\"Internacional Business Alliances\",\"publisher\":{\"@id\":\"https:\/\/emmisa.com\/#organization\"},\"potentialAction\":[{\"@type\":\"SearchAction\",\"target\":{\"@type\":\"EntryPoint\",\"urlTemplate\":\"https:\/\/emmisa.com\/?s={search_term_string}\"},\"query-input\":{\"@type\":\"PropertyValueSpecification\",\"valueRequired\":true,\"valueName\":\"search_term_string\"}}],\"inLanguage\":\"en-CA\"},{\"@type\":\"Organization\",\"@id\":\"https:\/\/emmisa.com\/#organization\",\"name\":\"Emissa INC\",\"url\":\"https:\/\/emmisa.com\/\",\"logo\":{\"@type\":\"ImageObject\",\"inLanguage\":\"en-CA\",\"@id\":\"https:\/\/emmisa.com\/#\/schema\/logo\/image\/\",\"url\":\"https:\/\/emmisa.com\/wp-content\/uploads\/2023\/09\/cropped-logo-emmisa-1-e1695405138540.png\",\"contentUrl\":\"https:\/\/emmisa.com\/wp-content\/uploads\/2023\/09\/cropped-logo-emmisa-1-e1695405138540.png\",\"width\":512,\"height\":512,\"caption\":\"Emissa INC\"},\"image\":{\"@id\":\"https:\/\/emmisa.com\/#\/schema\/logo\/image\/\"}}]}<\/script>\n<!-- \/ Yoast SEO plugin. -->","yoast_head_json":{"title":"Pulpa de tamarindo sin az\u00facar a\u00f1adida - Emissa INC","robots":{"index":"index","follow":"follow","max-snippet":"max-snippet:-1","max-image-preview":"max-image-preview:large","max-video-preview":"max-video-preview:-1"},"canonical":"https:\/\/emmisa.com\/en\/product\/tamarind-pulp-unsweetened\/","og_locale":"en_US","og_type":"article","og_title":"Pulpa de tamarindo sin az\u00facar a\u00f1adida - Emissa INC","og_description":"La pulpa de tamarindo es un producto obtenido mediante la desintegraci\u00f3n y filtraci\u00f3n de la fracci\u00f3n comestible de tamarindos maduros, que luego se cocina y se evapora. Presentaci\u00f3n: cubeta de 20 kg. Rinde 520 litros de agua fresca. No requiere refrigeraci\u00f3n. Ideal para: Agua fresca Helados y paletas Salsas caseras\/alitas Salsas C\u00f3cteles Dulces","og_url":"https:\/\/emmisa.com\/en\/product\/tamarind-pulp-unsweetened\/","og_site_name":"Emissa INC","article_modified_time":"2024-05-25T03:27:13+00:00","og_image":[{"width":1080,"height":1080,"url":"https:\/\/emmisa.com\/wp-content\/uploads\/2023\/10\/Tamarind-pulp-unsweetened-1.png","type":"image\/png"}],"twitter_card":"summary_large_image","twitter_misc":{"Est. reading time":"1 minute"},"schema":{"@context":"https:\/\/schema.org","@graph":[{"@type":"WebPage","@id":"https:\/\/emmisa.com\/product\/tamarind-pulp-unsweetened\/","url":"https:\/\/emmisa.com\/product\/tamarind-pulp-unsweetened\/","name":"Pulpa de tamarindo sin az\u00facar a\u00f1adida - Emissa INC","isPartOf":{"@id":"https:\/\/emmisa.com\/#website"},"primaryImageOfPage":{"@id":"https:\/\/emmisa.com\/product\/tamarind-pulp-unsweetened\/#primaryimage"},"image":{"@id":"https:\/\/emmisa.com\/product\/tamarind-pulp-unsweetened\/#primaryimage"},"thumbnailUrl":"https:\/\/emmisa.com\/wp-content\/uploads\/2023\/10\/Tamarind-pulp-unsweetened-1.png","datePublished":"2023-09-28T18:30:47+00:00","dateModified":"2024-05-25T03:27:13+00:00","breadcrumb":{"@id":"https:\/\/emmisa.com\/product\/tamarind-pulp-unsweetened\/#breadcrumb"},"inLanguage":"en-CA","potentialAction":[{"@type":"ReadAction","target":["https:\/\/emmisa.com\/product\/tamarind-pulp-unsweetened\/"]}]},{"@type":"ImageObject","inLanguage":"en-CA","@id":"https:\/\/emmisa.com\/product\/tamarind-pulp-unsweetened\/#primaryimage","url":"https:\/\/emmisa.com\/wp-content\/uploads\/2023\/10\/Tamarind-pulp-unsweetened-1.png","contentUrl":"https:\/\/emmisa.com\/wp-content\/uploads\/2023\/10\/Tamarind-pulp-unsweetened-1.png","width":1080,"height":1080},{"@type":"BreadcrumbList","@id":"https:\/\/emmisa.com\/product\/tamarind-pulp-unsweetened\/#breadcrumb","itemListElement":[{"@type":"ListItem","position":1,"name":"Inicio","item":"https:\/\/emmisa.com\/"},{"@type":"ListItem","position":2,"name":"Shop","item":"https:\/\/emmisa.com\/en\/shop\/"},{"@type":"ListItem","position":3,"name":"Pulpa de tamarindo sin az\u00facar a\u00f1adida"}]},{"@type":"WebSite","@id":"https:\/\/emmisa.com\/#website","url":"https:\/\/emmisa.com\/","name":"Emissa - Compa\u00f1\u00eda de Brokers Internacional","description":"Internacional Business Alliances","publisher":{"@id":"https:\/\/emmisa.com\/#organization"},"potentialAction":[{"@type":"SearchAction","target":{"@type":"EntryPoint","urlTemplate":"https:\/\/emmisa.com\/?s={search_term_string}"},"query-input":{"@type":"PropertyValueSpecification","valueRequired":true,"valueName":"search_term_string"}}],"inLanguage":"en-CA"},{"@type":"Organization","@id":"https:\/\/emmisa.com\/#organization","name":"Emissa INC","url":"https:\/\/emmisa.com\/","logo":{"@type":"ImageObject","inLanguage":"en-CA","@id":"https:\/\/emmisa.com\/#\/schema\/logo\/image\/","url":"https:\/\/emmisa.com\/wp-content\/uploads\/2023\/09\/cropped-logo-emmisa-1-e1695405138540.png","contentUrl":"https:\/\/emmisa.com\/wp-content\/uploads\/2023\/09\/cropped-logo-emmisa-1-e1695405138540.png","width":512,"height":512,"caption":"Emissa INC"},"image":{"@id":"https:\/\/emmisa.com\/#\/schema\/logo\/image\/"}}]}},"_links":{"self":[{"href":"https:\/\/emmisa.com\/en\/wp-json\/wp\/v2\/product\/632","targetHints":{"allow":["GET"]}}],"collection":[{"href":"https:\/\/emmisa.com\/en\/wp-json\/wp\/v2\/product"}],"about":[{"href":"https:\/\/emmisa.com\/en\/wp-json\/wp\/v2\/types\/product"}],"replies":[{"embeddable":true,"href":"https:\/\/emmisa.com\/en\/wp-json\/wp\/v2\/comments?post=632"}],"wp:featuredmedia":[{"embeddable":true,"href":"https:\/\/emmisa.com\/en\/wp-json\/wp\/v2\/media\/633"}],"wp:attachment":[{"href":"https:\/\/emmisa.com\/en\/wp-json\/wp\/v2\/media?parent=632"}],"wp:term":[{"taxonomy":"product_brand","embeddable":true,"href":"https:\/\/emmisa.com\/en\/wp-json\/wp\/v2\/product_brand?post=632"},{"taxonomy":"product_cat","embeddable":true,"href":"https:\/\/emmisa.com\/en\/wp-json\/wp\/v2\/product_cat?post=632"},{"taxonomy":"product_tag","embeddable":true,"href":"https:\/\/emmisa.com\/en\/wp-json\/wp\/v2\/product_tag?post=632"}],"curies":[{"name":"wp","href":"https:\/\/api.w.org\/{rel}","templated":true}]}}