{"id":595,"date":"2023-09-23T05:01:54","date_gmt":"2023-09-23T05:01:54","guid":{"rendered":"https:\/\/emmisa.com\/?post_type=product&#038;p=595"},"modified":"2024-05-20T02:27:57","modified_gmt":"2024-05-20T02:27:57","slug":"mix-de-zanahoria-betabel-espinaca-naranja-y-limon","status":"publish","type":"product","link":"https:\/\/emmisa.com\/en\/product\/mix-de-zanahoria-betabel-espinaca-naranja-y-limon\/","title":{"rendered":"Carrot, Beetroot, Spinach, Orange, and Lemon Mix"},"content":{"rendered":"<p>INGREDIENTES: Mezcla deshidratada de zanahoria, remolacha, espinaca, naranja y lim\u00f3n, 100% pura y sin conservantes.<\/p>\n<p>BENEFICIOS: Alto contenido de fibra y prote\u00ednas. Libre de gluten.<\/p>\n<p>MODO DE USO: Disfr\u00fatalo cada ma\u00f1ana a\u00f1adi\u00e9ndolo a tus batidos y licuados.<\/p>\n<p>RECOMENDACIONES: Almacenar en un lugar fresco.<\/p>\n<p>VIDA \u00daTIL: 24 meses.<\/p>","protected":false},"excerpt":{"rendered":"<p>INGREDIENTES: Mezcla deshidratada de zanahoria, remolacha, espinaca, naranja y lim\u00f3n, 100% pura y sin conservantes. BENEFICIOS: Alto contenido de fibra y prote\u00ednas. Libre de gluten. MODO DE USO: Disfr\u00fatalo cada ma\u00f1ana a\u00f1adi\u00e9ndolo a tus batidos y licuados. RECOMENDACIONES: Almacenar en un lugar fresco. VIDA \u00daTIL: 24 meses.<\/p>","protected":false},"featured_media":596,"comment_status":"open","ping_status":"closed","template":"","meta":{"site-sidebar-layout":"default","site-content-layout":"","ast-site-content-layout":"default","site-content-style":"default","site-sidebar-style":"default","ast-global-header-display":"","ast-banner-title-visibility":"","ast-main-header-display":"","ast-hfb-above-header-display":"","ast-hfb-below-header-display":"","ast-hfb-mobile-header-display":"","site-post-title":"","ast-breadcrumbs-content":"","ast-featured-img":"","footer-sml-layout":"","theme-transparent-header-meta":"default","adv-header-id-meta":"","stick-header-meta":"","header-above-stick-meta":"","header-main-stick-meta":"","header-below-stick-meta":"","astra-migrate-meta-layouts":"set"},"product_brand":[],"product_cat":[34],"product_tag":[35],"class_list":{"0":"post-595","1":"product","2":"type-product","3":"status-publish","4":"has-post-thumbnail","6":"product_cat-beverages","7":"product_tag-cactus-powder","8":"desktop-align-left","9":"tablet-align-left","10":"mobile-align-left","12":"first","13":"instock","14":"shipping-taxable","15":"product-type-simple"},"yoast_head":"<!-- This site is optimized with the Yoast SEO plugin v27.0 - https:\/\/yoast.com\/product\/yoast-seo-wordpress\/ -->\n<title>Mezcla de Zanahoria, Remolacha, Espinaca, Naranja y Lim\u00f3n - Emissa INC<\/title>\n<meta name=\"robots\" content=\"index, follow, max-snippet:-1, max-image-preview:large, max-video-preview:-1\" \/>\n<link rel=\"canonical\" href=\"https:\/\/emmisa.com\/en\/product\/mix-de-zanahoria-betabel-espinaca-naranja-y-limon\/\" \/>\n<meta property=\"og:locale\" content=\"en_US\" \/>\n<meta property=\"og:type\" content=\"article\" \/>\n<meta property=\"og:title\" content=\"Mezcla de Zanahoria, Remolacha, Espinaca, Naranja y Lim\u00f3n - Emissa INC\" \/>\n<meta property=\"og:description\" content=\"INGREDIENTES: Mezcla deshidratada de zanahoria, remolacha, espinaca, naranja y lim\u00f3n, 100% pura y sin conservantes. BENEFICIOS: Alto contenido de fibra y prote\u00ednas. Libre de gluten. MODO DE USO: Disfr\u00fatalo cada ma\u00f1ana a\u00f1adi\u00e9ndolo a tus batidos y licuados. RECOMENDACIONES: Almacenar en un lugar fresco. VIDA \u00daTIL: 24 meses.\" \/>\n<meta property=\"og:url\" content=\"https:\/\/emmisa.com\/en\/product\/mix-de-zanahoria-betabel-espinaca-naranja-y-limon\/\" \/>\n<meta property=\"og:site_name\" content=\"Emissa INC\" \/>\n<meta property=\"article:modified_time\" content=\"2024-05-20T02:27:57+00:00\" \/>\n<meta property=\"og:image\" content=\"https:\/\/emmisa.com\/wp-content\/uploads\/2023\/10\/Fusion-chak.png\" \/>\n\t<meta property=\"og:image:width\" content=\"1080\" \/>\n\t<meta property=\"og:image:height\" content=\"1080\" \/>\n\t<meta property=\"og:image:type\" content=\"image\/png\" \/>\n<meta name=\"twitter:card\" content=\"summary_large_image\" \/>\n<meta name=\"twitter:label1\" content=\"Est. reading time\" \/>\n\t<meta name=\"twitter:data1\" content=\"1 minute\" \/>\n<script type=\"application\/ld+json\" class=\"yoast-schema-graph\">{\"@context\":\"https:\/\/schema.org\",\"@graph\":[{\"@type\":\"WebPage\",\"@id\":\"https:\/\/emmisa.com\/product\/mix-de-zanahoria-betabel-espinaca-naranja-y-limon\/\",\"url\":\"https:\/\/emmisa.com\/product\/mix-de-zanahoria-betabel-espinaca-naranja-y-limon\/\",\"name\":\"Mezcla de Zanahoria, Remolacha, Espinaca, Naranja y Lim\u00f3n - Emissa INC\",\"isPartOf\":{\"@id\":\"https:\/\/emmisa.com\/#website\"},\"primaryImageOfPage\":{\"@id\":\"https:\/\/emmisa.com\/product\/mix-de-zanahoria-betabel-espinaca-naranja-y-limon\/#primaryimage\"},\"image\":{\"@id\":\"https:\/\/emmisa.com\/product\/mix-de-zanahoria-betabel-espinaca-naranja-y-limon\/#primaryimage\"},\"thumbnailUrl\":\"https:\/\/emmisa.com\/wp-content\/uploads\/2023\/10\/Fusion-chak.png\",\"datePublished\":\"2023-09-23T05:01:54+00:00\",\"dateModified\":\"2024-05-20T02:27:57+00:00\",\"breadcrumb\":{\"@id\":\"https:\/\/emmisa.com\/product\/mix-de-zanahoria-betabel-espinaca-naranja-y-limon\/#breadcrumb\"},\"inLanguage\":\"en-CA\",\"potentialAction\":[{\"@type\":\"ReadAction\",\"target\":[\"https:\/\/emmisa.com\/product\/mix-de-zanahoria-betabel-espinaca-naranja-y-limon\/\"]}]},{\"@type\":\"ImageObject\",\"inLanguage\":\"en-CA\",\"@id\":\"https:\/\/emmisa.com\/product\/mix-de-zanahoria-betabel-espinaca-naranja-y-limon\/#primaryimage\",\"url\":\"https:\/\/emmisa.com\/wp-content\/uploads\/2023\/10\/Fusion-chak.png\",\"contentUrl\":\"https:\/\/emmisa.com\/wp-content\/uploads\/2023\/10\/Fusion-chak.png\",\"width\":1080,\"height\":1080},{\"@type\":\"BreadcrumbList\",\"@id\":\"https:\/\/emmisa.com\/product\/mix-de-zanahoria-betabel-espinaca-naranja-y-limon\/#breadcrumb\",\"itemListElement\":[{\"@type\":\"ListItem\",\"position\":1,\"name\":\"Inicio\",\"item\":\"https:\/\/emmisa.com\/\"},{\"@type\":\"ListItem\",\"position\":2,\"name\":\"Shop\",\"item\":\"https:\/\/emmisa.com\/en\/shop\/\"},{\"@type\":\"ListItem\",\"position\":3,\"name\":\"Mezcla de Zanahoria, Remolacha, Espinaca, Naranja y Lim\u00f3n\"}]},{\"@type\":\"WebSite\",\"@id\":\"https:\/\/emmisa.com\/#website\",\"url\":\"https:\/\/emmisa.com\/\",\"name\":\"Emissa - Compa\u00f1\u00eda de Brokers Internacional\",\"description\":\"Internacional Business Alliances\",\"publisher\":{\"@id\":\"https:\/\/emmisa.com\/#organization\"},\"potentialAction\":[{\"@type\":\"SearchAction\",\"target\":{\"@type\":\"EntryPoint\",\"urlTemplate\":\"https:\/\/emmisa.com\/?s={search_term_string}\"},\"query-input\":{\"@type\":\"PropertyValueSpecification\",\"valueRequired\":true,\"valueName\":\"search_term_string\"}}],\"inLanguage\":\"en-CA\"},{\"@type\":\"Organization\",\"@id\":\"https:\/\/emmisa.com\/#organization\",\"name\":\"Emissa INC\",\"url\":\"https:\/\/emmisa.com\/\",\"logo\":{\"@type\":\"ImageObject\",\"inLanguage\":\"en-CA\",\"@id\":\"https:\/\/emmisa.com\/#\/schema\/logo\/image\/\",\"url\":\"https:\/\/emmisa.com\/wp-content\/uploads\/2023\/09\/cropped-logo-emmisa-1-e1695405138540.png\",\"contentUrl\":\"https:\/\/emmisa.com\/wp-content\/uploads\/2023\/09\/cropped-logo-emmisa-1-e1695405138540.png\",\"width\":512,\"height\":512,\"caption\":\"Emissa INC\"},\"image\":{\"@id\":\"https:\/\/emmisa.com\/#\/schema\/logo\/image\/\"}}]}<\/script>\n<!-- \/ Yoast SEO plugin. -->","yoast_head_json":{"title":"Mezcla de Zanahoria, Remolacha, Espinaca, Naranja y Lim\u00f3n - Emissa INC","robots":{"index":"index","follow":"follow","max-snippet":"max-snippet:-1","max-image-preview":"max-image-preview:large","max-video-preview":"max-video-preview:-1"},"canonical":"https:\/\/emmisa.com\/en\/product\/mix-de-zanahoria-betabel-espinaca-naranja-y-limon\/","og_locale":"en_US","og_type":"article","og_title":"Mezcla de Zanahoria, Remolacha, Espinaca, Naranja y Lim\u00f3n - Emissa INC","og_description":"INGREDIENTES: Mezcla deshidratada de zanahoria, remolacha, espinaca, naranja y lim\u00f3n, 100% pura y sin conservantes. BENEFICIOS: Alto contenido de fibra y prote\u00ednas. Libre de gluten. MODO DE USO: Disfr\u00fatalo cada ma\u00f1ana a\u00f1adi\u00e9ndolo a tus batidos y licuados. RECOMENDACIONES: Almacenar en un lugar fresco. VIDA \u00daTIL: 24 meses.","og_url":"https:\/\/emmisa.com\/en\/product\/mix-de-zanahoria-betabel-espinaca-naranja-y-limon\/","og_site_name":"Emissa INC","article_modified_time":"2024-05-20T02:27:57+00:00","og_image":[{"width":1080,"height":1080,"url":"https:\/\/emmisa.com\/wp-content\/uploads\/2023\/10\/Fusion-chak.png","type":"image\/png"}],"twitter_card":"summary_large_image","twitter_misc":{"Est. reading time":"1 minute"},"schema":{"@context":"https:\/\/schema.org","@graph":[{"@type":"WebPage","@id":"https:\/\/emmisa.com\/product\/mix-de-zanahoria-betabel-espinaca-naranja-y-limon\/","url":"https:\/\/emmisa.com\/product\/mix-de-zanahoria-betabel-espinaca-naranja-y-limon\/","name":"Mezcla de Zanahoria, Remolacha, Espinaca, Naranja y Lim\u00f3n - Emissa INC","isPartOf":{"@id":"https:\/\/emmisa.com\/#website"},"primaryImageOfPage":{"@id":"https:\/\/emmisa.com\/product\/mix-de-zanahoria-betabel-espinaca-naranja-y-limon\/#primaryimage"},"image":{"@id":"https:\/\/emmisa.com\/product\/mix-de-zanahoria-betabel-espinaca-naranja-y-limon\/#primaryimage"},"thumbnailUrl":"https:\/\/emmisa.com\/wp-content\/uploads\/2023\/10\/Fusion-chak.png","datePublished":"2023-09-23T05:01:54+00:00","dateModified":"2024-05-20T02:27:57+00:00","breadcrumb":{"@id":"https:\/\/emmisa.com\/product\/mix-de-zanahoria-betabel-espinaca-naranja-y-limon\/#breadcrumb"},"inLanguage":"en-CA","potentialAction":[{"@type":"ReadAction","target":["https:\/\/emmisa.com\/product\/mix-de-zanahoria-betabel-espinaca-naranja-y-limon\/"]}]},{"@type":"ImageObject","inLanguage":"en-CA","@id":"https:\/\/emmisa.com\/product\/mix-de-zanahoria-betabel-espinaca-naranja-y-limon\/#primaryimage","url":"https:\/\/emmisa.com\/wp-content\/uploads\/2023\/10\/Fusion-chak.png","contentUrl":"https:\/\/emmisa.com\/wp-content\/uploads\/2023\/10\/Fusion-chak.png","width":1080,"height":1080},{"@type":"BreadcrumbList","@id":"https:\/\/emmisa.com\/product\/mix-de-zanahoria-betabel-espinaca-naranja-y-limon\/#breadcrumb","itemListElement":[{"@type":"ListItem","position":1,"name":"Inicio","item":"https:\/\/emmisa.com\/"},{"@type":"ListItem","position":2,"name":"Shop","item":"https:\/\/emmisa.com\/en\/shop\/"},{"@type":"ListItem","position":3,"name":"Mezcla de Zanahoria, Remolacha, Espinaca, Naranja y Lim\u00f3n"}]},{"@type":"WebSite","@id":"https:\/\/emmisa.com\/#website","url":"https:\/\/emmisa.com\/","name":"Emissa - Compa\u00f1\u00eda de Brokers Internacional","description":"Internacional Business Alliances","publisher":{"@id":"https:\/\/emmisa.com\/#organization"},"potentialAction":[{"@type":"SearchAction","target":{"@type":"EntryPoint","urlTemplate":"https:\/\/emmisa.com\/?s={search_term_string}"},"query-input":{"@type":"PropertyValueSpecification","valueRequired":true,"valueName":"search_term_string"}}],"inLanguage":"en-CA"},{"@type":"Organization","@id":"https:\/\/emmisa.com\/#organization","name":"Emissa INC","url":"https:\/\/emmisa.com\/","logo":{"@type":"ImageObject","inLanguage":"en-CA","@id":"https:\/\/emmisa.com\/#\/schema\/logo\/image\/","url":"https:\/\/emmisa.com\/wp-content\/uploads\/2023\/09\/cropped-logo-emmisa-1-e1695405138540.png","contentUrl":"https:\/\/emmisa.com\/wp-content\/uploads\/2023\/09\/cropped-logo-emmisa-1-e1695405138540.png","width":512,"height":512,"caption":"Emissa INC"},"image":{"@id":"https:\/\/emmisa.com\/#\/schema\/logo\/image\/"}}]}},"_links":{"self":[{"href":"https:\/\/emmisa.com\/en\/wp-json\/wp\/v2\/product\/595","targetHints":{"allow":["GET"]}}],"collection":[{"href":"https:\/\/emmisa.com\/en\/wp-json\/wp\/v2\/product"}],"about":[{"href":"https:\/\/emmisa.com\/en\/wp-json\/wp\/v2\/types\/product"}],"replies":[{"embeddable":true,"href":"https:\/\/emmisa.com\/en\/wp-json\/wp\/v2\/comments?post=595"}],"wp:featuredmedia":[{"embeddable":true,"href":"https:\/\/emmisa.com\/en\/wp-json\/wp\/v2\/media\/596"}],"wp:attachment":[{"href":"https:\/\/emmisa.com\/en\/wp-json\/wp\/v2\/media?parent=595"}],"wp:term":[{"taxonomy":"product_brand","embeddable":true,"href":"https:\/\/emmisa.com\/en\/wp-json\/wp\/v2\/product_brand?post=595"},{"taxonomy":"product_cat","embeddable":true,"href":"https:\/\/emmisa.com\/en\/wp-json\/wp\/v2\/product_cat?post=595"},{"taxonomy":"product_tag","embeddable":true,"href":"https:\/\/emmisa.com\/en\/wp-json\/wp\/v2\/product_tag?post=595"}],"curies":[{"name":"wp","href":"https:\/\/api.w.org\/{rel}","templated":true}]}}