{"id":1805,"date":"2026-02-20T22:14:56","date_gmt":"2026-02-20T22:14:56","guid":{"rendered":"https:\/\/emmisa.com\/?post_type=product&#038;p=1805"},"modified":"2026-02-21T00:52:25","modified_gmt":"2026-02-21T00:52:25","slug":"trozos-de-atun-listado-en-aceite","status":"publish","type":"product","link":"https:\/\/emmisa.com\/en\/product\/trozos-de-atun-listado-en-aceite\/","title":{"rendered":"Skipjack chunks in oil"},"content":{"rendered":"<p>Our premium quality tuna in oil is a product carefully selected and processed in Ecuador, recognized worldwide for the freshness and richness of its catch. Sourced from the deep, crystal-clear waters of the Pacific Ocean, each can offers a generous portion of tuna, sustainably caught and prepared to the highest quality standards.<\/p>\n<p>Packaged in high-purity oil, this product not only guarantees a smooth and juicy taste, but also a greater preservation of its essential nutrients. Tuna in oil is an excellent source of protein and Omega-3 fatty acids, making it a nutritious and healthy food, ideal for consumers looking for the best in their diet.<\/p>\n<p>Thanks to our rigorous quality control at every stage of the process, from fishing to packaging, our products comply with international export regulations, ensuring that each can retains the freshness and authentic flavor of Ecuadorian tuna.<\/p>\n<p>Ideal to enjoy in salads, sandwiches, pastas or as a gourmet appetizer, Ecuadorian tuna in oil is synonymous with excellence, freshness and tradition.<\/p>","protected":false},"excerpt":{"rendered":"<p>Nuestro at\u00fan en aceite de calidad premium es un producto cuidadosamente seleccionado y procesado en Ecuador, reconocido mundialmente por la frescura y riqueza de su captura. Proveniente de las aguas profundas y cristalinas del Oc\u00e9ano Pac\u00edfico, cada lata ofrece una generosa porci\u00f3n de at\u00fan, capturado de manera sostenible y preparado bajo los m\u00e1s altos est\u00e1ndares &hellip;<\/p>\n<p class=\"read-more\"> <a class=\"\" href=\"https:\/\/emmisa.com\/en\/product\/trozos-de-atun-listado-en-aceite\/\"> <span class=\"screen-reader-text\">Skipjack chunks in oil<\/span> Read More &raquo;<\/a><\/p>","protected":false},"featured_media":1828,"comment_status":"open","ping_status":"closed","template":"","meta":{"site-sidebar-layout":"default","site-content-layout":"","ast-site-content-layout":"default","site-content-style":"default","site-sidebar-style":"default","ast-global-header-display":"","ast-banner-title-visibility":"","ast-main-header-display":"","ast-hfb-above-header-display":"","ast-hfb-below-header-display":"","ast-hfb-mobile-header-display":"","site-post-title":"","ast-breadcrumbs-content":"","ast-featured-img":"","footer-sml-layout":"","theme-transparent-header-meta":"default","adv-header-id-meta":"","stick-header-meta":"","header-above-stick-meta":"","header-main-stick-meta":"","header-below-stick-meta":"","astra-migrate-meta-layouts":"set"},"product_brand":[],"product_cat":[62],"product_tag":[],"class_list":{"0":"post-1805","1":"product","2":"type-product","3":"status-publish","4":"has-post-thumbnail","6":"product_cat-seafood","7":"desktop-align-left","8":"tablet-align-left","9":"mobile-align-left","11":"first","12":"instock","13":"shipping-taxable","14":"product-type-simple"},"yoast_head":"<!-- This site is optimized with the Yoast SEO plugin v27.0 - https:\/\/yoast.com\/product\/yoast-seo-wordpress\/ -->\n<title>Trozos de at\u00fan listado en aceite - Emissa INC<\/title>\n<meta name=\"robots\" content=\"index, follow, max-snippet:-1, max-image-preview:large, max-video-preview:-1\" \/>\n<link rel=\"canonical\" href=\"https:\/\/emmisa.com\/en\/product\/trozos-de-atun-listado-en-aceite\/\" \/>\n<meta property=\"og:locale\" content=\"en_US\" \/>\n<meta property=\"og:type\" content=\"article\" \/>\n<meta property=\"og:title\" content=\"Trozos de at\u00fan listado en aceite - Emissa INC\" \/>\n<meta property=\"og:description\" content=\"Nuestro at\u00fan en aceite de calidad premium es un producto cuidadosamente seleccionado y procesado en Ecuador, reconocido mundialmente por la frescura y riqueza de su captura. Proveniente de las aguas profundas y cristalinas del Oc\u00e9ano Pac\u00edfico, cada lata ofrece una generosa porci\u00f3n de at\u00fan, capturado de manera sostenible y preparado bajo los m\u00e1s altos est\u00e1ndares &hellip; Trozos de at\u00fan listado en aceite Read More &raquo;\" \/>\n<meta property=\"og:url\" content=\"https:\/\/emmisa.com\/en\/product\/trozos-de-atun-listado-en-aceite\/\" \/>\n<meta property=\"og:site_name\" content=\"Emissa INC\" \/>\n<meta property=\"article:modified_time\" content=\"2026-02-21T00:52:25+00:00\" \/>\n<meta property=\"og:image\" content=\"https:\/\/emmisa.com\/wp-content\/uploads\/2026\/02\/Gemini_Generated_Image_p8qoidp8qoidp8qo.png\" \/>\n\t<meta property=\"og:image:width\" content=\"1280\" \/>\n\t<meta property=\"og:image:height\" content=\"800\" \/>\n\t<meta property=\"og:image:type\" content=\"image\/png\" \/>\n<meta name=\"twitter:card\" content=\"summary_large_image\" \/>\n<meta name=\"twitter:label1\" content=\"Est. reading time\" \/>\n\t<meta name=\"twitter:data1\" content=\"2 minutes\" \/>\n<script type=\"application\/ld+json\" class=\"yoast-schema-graph\">{\"@context\":\"https:\/\/schema.org\",\"@graph\":[{\"@type\":\"WebPage\",\"@id\":\"https:\/\/emmisa.com\/product\/trozos-de-atun-listado-en-aceite\/\",\"url\":\"https:\/\/emmisa.com\/product\/trozos-de-atun-listado-en-aceite\/\",\"name\":\"Trozos de at\u00fan listado en aceite - Emissa INC\",\"isPartOf\":{\"@id\":\"https:\/\/emmisa.com\/#website\"},\"primaryImageOfPage\":{\"@id\":\"https:\/\/emmisa.com\/product\/trozos-de-atun-listado-en-aceite\/#primaryimage\"},\"image\":{\"@id\":\"https:\/\/emmisa.com\/product\/trozos-de-atun-listado-en-aceite\/#primaryimage\"},\"thumbnailUrl\":\"https:\/\/emmisa.com\/wp-content\/uploads\/2026\/02\/Gemini_Generated_Image_p8qoidp8qoidp8qo.png\",\"datePublished\":\"2026-02-20T22:14:56+00:00\",\"dateModified\":\"2026-02-21T00:52:25+00:00\",\"breadcrumb\":{\"@id\":\"https:\/\/emmisa.com\/product\/trozos-de-atun-listado-en-aceite\/#breadcrumb\"},\"inLanguage\":\"en-CA\",\"potentialAction\":[{\"@type\":\"ReadAction\",\"target\":[\"https:\/\/emmisa.com\/product\/trozos-de-atun-listado-en-aceite\/\"]}]},{\"@type\":\"ImageObject\",\"inLanguage\":\"en-CA\",\"@id\":\"https:\/\/emmisa.com\/product\/trozos-de-atun-listado-en-aceite\/#primaryimage\",\"url\":\"https:\/\/emmisa.com\/wp-content\/uploads\/2026\/02\/Gemini_Generated_Image_p8qoidp8qoidp8qo.png\",\"contentUrl\":\"https:\/\/emmisa.com\/wp-content\/uploads\/2026\/02\/Gemini_Generated_Image_p8qoidp8qoidp8qo.png\",\"width\":1280,\"height\":800},{\"@type\":\"BreadcrumbList\",\"@id\":\"https:\/\/emmisa.com\/product\/trozos-de-atun-listado-en-aceite\/#breadcrumb\",\"itemListElement\":[{\"@type\":\"ListItem\",\"position\":1,\"name\":\"Inicio\",\"item\":\"https:\/\/emmisa.com\/\"},{\"@type\":\"ListItem\",\"position\":2,\"name\":\"Shop\",\"item\":\"https:\/\/emmisa.com\/en\/shop\/\"},{\"@type\":\"ListItem\",\"position\":3,\"name\":\"Trozos de at\u00fan listado en aceite\"}]},{\"@type\":\"WebSite\",\"@id\":\"https:\/\/emmisa.com\/#website\",\"url\":\"https:\/\/emmisa.com\/\",\"name\":\"Emissa - Compa\u00f1\u00eda de Brokers Internacional\",\"description\":\"Internacional Business Alliances\",\"publisher\":{\"@id\":\"https:\/\/emmisa.com\/#organization\"},\"potentialAction\":[{\"@type\":\"SearchAction\",\"target\":{\"@type\":\"EntryPoint\",\"urlTemplate\":\"https:\/\/emmisa.com\/?s={search_term_string}\"},\"query-input\":{\"@type\":\"PropertyValueSpecification\",\"valueRequired\":true,\"valueName\":\"search_term_string\"}}],\"inLanguage\":\"en-CA\"},{\"@type\":\"Organization\",\"@id\":\"https:\/\/emmisa.com\/#organization\",\"name\":\"Emissa INC\",\"url\":\"https:\/\/emmisa.com\/\",\"logo\":{\"@type\":\"ImageObject\",\"inLanguage\":\"en-CA\",\"@id\":\"https:\/\/emmisa.com\/#\/schema\/logo\/image\/\",\"url\":\"https:\/\/emmisa.com\/wp-content\/uploads\/2023\/09\/cropped-logo-emmisa-1-e1695405138540.png\",\"contentUrl\":\"https:\/\/emmisa.com\/wp-content\/uploads\/2023\/09\/cropped-logo-emmisa-1-e1695405138540.png\",\"width\":512,\"height\":512,\"caption\":\"Emissa INC\"},\"image\":{\"@id\":\"https:\/\/emmisa.com\/#\/schema\/logo\/image\/\"}}]}<\/script>\n<!-- \/ Yoast SEO plugin. -->","yoast_head_json":{"title":"Trozos de at\u00fan listado en aceite - Emissa INC","robots":{"index":"index","follow":"follow","max-snippet":"max-snippet:-1","max-image-preview":"max-image-preview:large","max-video-preview":"max-video-preview:-1"},"canonical":"https:\/\/emmisa.com\/en\/product\/trozos-de-atun-listado-en-aceite\/","og_locale":"en_US","og_type":"article","og_title":"Trozos de at\u00fan listado en aceite - Emissa INC","og_description":"Nuestro at\u00fan en aceite de calidad premium es un producto cuidadosamente seleccionado y procesado en Ecuador, reconocido mundialmente por la frescura y riqueza de su captura. Proveniente de las aguas profundas y cristalinas del Oc\u00e9ano Pac\u00edfico, cada lata ofrece una generosa porci\u00f3n de at\u00fan, capturado de manera sostenible y preparado bajo los m\u00e1s altos est\u00e1ndares &hellip; Trozos de at\u00fan listado en aceite Read More &raquo;","og_url":"https:\/\/emmisa.com\/en\/product\/trozos-de-atun-listado-en-aceite\/","og_site_name":"Emissa INC","article_modified_time":"2026-02-21T00:52:25+00:00","og_image":[{"width":1280,"height":800,"url":"https:\/\/emmisa.com\/wp-content\/uploads\/2026\/02\/Gemini_Generated_Image_p8qoidp8qoidp8qo.png","type":"image\/png"}],"twitter_card":"summary_large_image","twitter_misc":{"Est. reading time":"2 minutes"},"schema":{"@context":"https:\/\/schema.org","@graph":[{"@type":"WebPage","@id":"https:\/\/emmisa.com\/product\/trozos-de-atun-listado-en-aceite\/","url":"https:\/\/emmisa.com\/product\/trozos-de-atun-listado-en-aceite\/","name":"Trozos de at\u00fan listado en aceite - Emissa INC","isPartOf":{"@id":"https:\/\/emmisa.com\/#website"},"primaryImageOfPage":{"@id":"https:\/\/emmisa.com\/product\/trozos-de-atun-listado-en-aceite\/#primaryimage"},"image":{"@id":"https:\/\/emmisa.com\/product\/trozos-de-atun-listado-en-aceite\/#primaryimage"},"thumbnailUrl":"https:\/\/emmisa.com\/wp-content\/uploads\/2026\/02\/Gemini_Generated_Image_p8qoidp8qoidp8qo.png","datePublished":"2026-02-20T22:14:56+00:00","dateModified":"2026-02-21T00:52:25+00:00","breadcrumb":{"@id":"https:\/\/emmisa.com\/product\/trozos-de-atun-listado-en-aceite\/#breadcrumb"},"inLanguage":"en-CA","potentialAction":[{"@type":"ReadAction","target":["https:\/\/emmisa.com\/product\/trozos-de-atun-listado-en-aceite\/"]}]},{"@type":"ImageObject","inLanguage":"en-CA","@id":"https:\/\/emmisa.com\/product\/trozos-de-atun-listado-en-aceite\/#primaryimage","url":"https:\/\/emmisa.com\/wp-content\/uploads\/2026\/02\/Gemini_Generated_Image_p8qoidp8qoidp8qo.png","contentUrl":"https:\/\/emmisa.com\/wp-content\/uploads\/2026\/02\/Gemini_Generated_Image_p8qoidp8qoidp8qo.png","width":1280,"height":800},{"@type":"BreadcrumbList","@id":"https:\/\/emmisa.com\/product\/trozos-de-atun-listado-en-aceite\/#breadcrumb","itemListElement":[{"@type":"ListItem","position":1,"name":"Inicio","item":"https:\/\/emmisa.com\/"},{"@type":"ListItem","position":2,"name":"Shop","item":"https:\/\/emmisa.com\/en\/shop\/"},{"@type":"ListItem","position":3,"name":"Trozos de at\u00fan listado en aceite"}]},{"@type":"WebSite","@id":"https:\/\/emmisa.com\/#website","url":"https:\/\/emmisa.com\/","name":"Emissa - Compa\u00f1\u00eda de Brokers Internacional","description":"Internacional Business Alliances","publisher":{"@id":"https:\/\/emmisa.com\/#organization"},"potentialAction":[{"@type":"SearchAction","target":{"@type":"EntryPoint","urlTemplate":"https:\/\/emmisa.com\/?s={search_term_string}"},"query-input":{"@type":"PropertyValueSpecification","valueRequired":true,"valueName":"search_term_string"}}],"inLanguage":"en-CA"},{"@type":"Organization","@id":"https:\/\/emmisa.com\/#organization","name":"Emissa INC","url":"https:\/\/emmisa.com\/","logo":{"@type":"ImageObject","inLanguage":"en-CA","@id":"https:\/\/emmisa.com\/#\/schema\/logo\/image\/","url":"https:\/\/emmisa.com\/wp-content\/uploads\/2023\/09\/cropped-logo-emmisa-1-e1695405138540.png","contentUrl":"https:\/\/emmisa.com\/wp-content\/uploads\/2023\/09\/cropped-logo-emmisa-1-e1695405138540.png","width":512,"height":512,"caption":"Emissa INC"},"image":{"@id":"https:\/\/emmisa.com\/#\/schema\/logo\/image\/"}}]}},"_links":{"self":[{"href":"https:\/\/emmisa.com\/en\/wp-json\/wp\/v2\/product\/1805","targetHints":{"allow":["GET"]}}],"collection":[{"href":"https:\/\/emmisa.com\/en\/wp-json\/wp\/v2\/product"}],"about":[{"href":"https:\/\/emmisa.com\/en\/wp-json\/wp\/v2\/types\/product"}],"replies":[{"embeddable":true,"href":"https:\/\/emmisa.com\/en\/wp-json\/wp\/v2\/comments?post=1805"}],"wp:featuredmedia":[{"embeddable":true,"href":"https:\/\/emmisa.com\/en\/wp-json\/wp\/v2\/media\/1828"}],"wp:attachment":[{"href":"https:\/\/emmisa.com\/en\/wp-json\/wp\/v2\/media?parent=1805"}],"wp:term":[{"taxonomy":"product_brand","embeddable":true,"href":"https:\/\/emmisa.com\/en\/wp-json\/wp\/v2\/product_brand?post=1805"},{"taxonomy":"product_cat","embeddable":true,"href":"https:\/\/emmisa.com\/en\/wp-json\/wp\/v2\/product_cat?post=1805"},{"taxonomy":"product_tag","embeddable":true,"href":"https:\/\/emmisa.com\/en\/wp-json\/wp\/v2\/product_tag?post=1805"}],"curies":[{"name":"wp","href":"https:\/\/api.w.org\/{rel}","templated":true}]}}