{"id":1804,"date":"2026-02-20T22:14:56","date_gmt":"2026-02-20T22:14:56","guid":{"rendered":"https:\/\/emmisa.com\/?post_type=product&#038;p=1804"},"modified":"2026-02-21T00:52:52","modified_gmt":"2026-02-21T00:52:52","slug":"trozos-de-atun-listado-en-agua","status":"publish","type":"product","link":"https:\/\/emmisa.com\/en\/product\/trozos-de-atun-listado-en-agua\/","title":{"rendered":"Skipjack chunks in water"},"content":{"rendered":"<p>Our tuna in water is the perfect choice for those looking for a healthy and light alternative without sacrificing flavor. Coming from the coasts of the Ecuadorian Pacific Ocean, each can contains high-quality tuna, caught under responsible practices that respect the marine ecosystem.<\/p>\n<p>The tuna is processed and packaged in pure water, which allows it to retain its firm texture and natural flavor, without adding additional fats. It is an excellent source of lean proteins and essential nutrients such as Omega-3 fatty acids, perfect for a balanced diet.<\/p>\n<p>Selected and canned with the highest quality control standards, our tuna in water meets the demands of the international market, guaranteeing freshness and purity in each portion. Ideal for low-calorie diets, its versatility makes it the perfect ingredient for fresh salads, light dishes or as a healthy side dish.<\/p>\n<p>With a careful presentation and the guarantee of Ecuadorian origin, this tuna is a reliable and delicious option for those who value well-being without sacrificing quality.<\/p>","protected":false},"excerpt":{"rendered":"<p>Nuestro at\u00fan en agua es la elecci\u00f3n perfecta para quienes buscan una alternativa saludable y ligera sin sacrificar el sabor. Proveniente de las costas del Pac\u00edfico ecuatoriano, cada lata contiene at\u00fan de alta calidad, capturado bajo pr\u00e1cticas responsables que respetan el ecosistema marino. El at\u00fan es procesado y envasado en agua pura, lo que le &hellip;<\/p>\n<p class=\"read-more\"> <a class=\"\" href=\"https:\/\/emmisa.com\/en\/product\/trozos-de-atun-listado-en-agua\/\"> <span class=\"screen-reader-text\">Skipjack chunks in water<\/span> Read More &raquo;<\/a><\/p>","protected":false},"featured_media":1827,"comment_status":"open","ping_status":"closed","template":"","meta":{"site-sidebar-layout":"default","site-content-layout":"","ast-site-content-layout":"default","site-content-style":"default","site-sidebar-style":"default","ast-global-header-display":"","ast-banner-title-visibility":"","ast-main-header-display":"","ast-hfb-above-header-display":"","ast-hfb-below-header-display":"","ast-hfb-mobile-header-display":"","site-post-title":"","ast-breadcrumbs-content":"","ast-featured-img":"","footer-sml-layout":"","theme-transparent-header-meta":"default","adv-header-id-meta":"","stick-header-meta":"","header-above-stick-meta":"","header-main-stick-meta":"","header-below-stick-meta":"","astra-migrate-meta-layouts":"set"},"product_brand":[],"product_cat":[62],"product_tag":[],"class_list":{"0":"post-1804","1":"product","2":"type-product","3":"status-publish","4":"has-post-thumbnail","6":"product_cat-seafood","7":"desktop-align-left","8":"tablet-align-left","9":"mobile-align-left","11":"first","12":"instock","13":"shipping-taxable","14":"product-type-simple"},"yoast_head":"<!-- This site is optimized with the Yoast SEO plugin v27.0 - https:\/\/yoast.com\/product\/yoast-seo-wordpress\/ -->\n<title>Trozos de at\u00fan listado en agua - Emissa INC<\/title>\n<meta name=\"robots\" content=\"index, follow, max-snippet:-1, max-image-preview:large, max-video-preview:-1\" \/>\n<link rel=\"canonical\" href=\"https:\/\/emmisa.com\/en\/product\/trozos-de-atun-listado-en-agua\/\" \/>\n<meta property=\"og:locale\" content=\"en_US\" \/>\n<meta property=\"og:type\" content=\"article\" \/>\n<meta property=\"og:title\" content=\"Trozos de at\u00fan listado en agua - Emissa INC\" \/>\n<meta property=\"og:description\" content=\"Nuestro at\u00fan en agua es la elecci\u00f3n perfecta para quienes buscan una alternativa saludable y ligera sin sacrificar el sabor. Proveniente de las costas del Pac\u00edfico ecuatoriano, cada lata contiene at\u00fan de alta calidad, capturado bajo pr\u00e1cticas responsables que respetan el ecosistema marino. El at\u00fan es procesado y envasado en agua pura, lo que le &hellip; Trozos de at\u00fan listado en agua Read More &raquo;\" \/>\n<meta property=\"og:url\" content=\"https:\/\/emmisa.com\/en\/product\/trozos-de-atun-listado-en-agua\/\" \/>\n<meta property=\"og:site_name\" content=\"Emissa INC\" \/>\n<meta property=\"article:modified_time\" content=\"2026-02-21T00:52:52+00:00\" \/>\n<meta property=\"og:image\" content=\"https:\/\/emmisa.com\/wp-content\/uploads\/2026\/02\/Gemini_Generated_Image_lauae9lauae9laua.png\" \/>\n\t<meta property=\"og:image:width\" content=\"1344\" \/>\n\t<meta property=\"og:image:height\" content=\"768\" \/>\n\t<meta property=\"og:image:type\" content=\"image\/png\" \/>\n<meta name=\"twitter:card\" content=\"summary_large_image\" \/>\n<meta name=\"twitter:label1\" content=\"Est. reading time\" \/>\n\t<meta name=\"twitter:data1\" content=\"1 minute\" \/>\n<script type=\"application\/ld+json\" class=\"yoast-schema-graph\">{\"@context\":\"https:\/\/schema.org\",\"@graph\":[{\"@type\":\"WebPage\",\"@id\":\"https:\/\/emmisa.com\/product\/trozos-de-atun-listado-en-agua\/\",\"url\":\"https:\/\/emmisa.com\/product\/trozos-de-atun-listado-en-agua\/\",\"name\":\"Trozos de at\u00fan listado en agua - Emissa INC\",\"isPartOf\":{\"@id\":\"https:\/\/emmisa.com\/#website\"},\"primaryImageOfPage\":{\"@id\":\"https:\/\/emmisa.com\/product\/trozos-de-atun-listado-en-agua\/#primaryimage\"},\"image\":{\"@id\":\"https:\/\/emmisa.com\/product\/trozos-de-atun-listado-en-agua\/#primaryimage\"},\"thumbnailUrl\":\"https:\/\/emmisa.com\/wp-content\/uploads\/2026\/02\/Gemini_Generated_Image_lauae9lauae9laua.png\",\"datePublished\":\"2026-02-20T22:14:56+00:00\",\"dateModified\":\"2026-02-21T00:52:52+00:00\",\"breadcrumb\":{\"@id\":\"https:\/\/emmisa.com\/product\/trozos-de-atun-listado-en-agua\/#breadcrumb\"},\"inLanguage\":\"en-CA\",\"potentialAction\":[{\"@type\":\"ReadAction\",\"target\":[\"https:\/\/emmisa.com\/product\/trozos-de-atun-listado-en-agua\/\"]}]},{\"@type\":\"ImageObject\",\"inLanguage\":\"en-CA\",\"@id\":\"https:\/\/emmisa.com\/product\/trozos-de-atun-listado-en-agua\/#primaryimage\",\"url\":\"https:\/\/emmisa.com\/wp-content\/uploads\/2026\/02\/Gemini_Generated_Image_lauae9lauae9laua.png\",\"contentUrl\":\"https:\/\/emmisa.com\/wp-content\/uploads\/2026\/02\/Gemini_Generated_Image_lauae9lauae9laua.png\",\"width\":1344,\"height\":768},{\"@type\":\"BreadcrumbList\",\"@id\":\"https:\/\/emmisa.com\/product\/trozos-de-atun-listado-en-agua\/#breadcrumb\",\"itemListElement\":[{\"@type\":\"ListItem\",\"position\":1,\"name\":\"Inicio\",\"item\":\"https:\/\/emmisa.com\/\"},{\"@type\":\"ListItem\",\"position\":2,\"name\":\"Shop\",\"item\":\"https:\/\/emmisa.com\/en\/shop\/\"},{\"@type\":\"ListItem\",\"position\":3,\"name\":\"Trozos de at\u00fan listado en agua\"}]},{\"@type\":\"WebSite\",\"@id\":\"https:\/\/emmisa.com\/#website\",\"url\":\"https:\/\/emmisa.com\/\",\"name\":\"Emissa - Compa\u00f1\u00eda de Brokers Internacional\",\"description\":\"Internacional Business Alliances\",\"publisher\":{\"@id\":\"https:\/\/emmisa.com\/#organization\"},\"potentialAction\":[{\"@type\":\"SearchAction\",\"target\":{\"@type\":\"EntryPoint\",\"urlTemplate\":\"https:\/\/emmisa.com\/?s={search_term_string}\"},\"query-input\":{\"@type\":\"PropertyValueSpecification\",\"valueRequired\":true,\"valueName\":\"search_term_string\"}}],\"inLanguage\":\"en-CA\"},{\"@type\":\"Organization\",\"@id\":\"https:\/\/emmisa.com\/#organization\",\"name\":\"Emissa INC\",\"url\":\"https:\/\/emmisa.com\/\",\"logo\":{\"@type\":\"ImageObject\",\"inLanguage\":\"en-CA\",\"@id\":\"https:\/\/emmisa.com\/#\/schema\/logo\/image\/\",\"url\":\"https:\/\/emmisa.com\/wp-content\/uploads\/2023\/09\/cropped-logo-emmisa-1-e1695405138540.png\",\"contentUrl\":\"https:\/\/emmisa.com\/wp-content\/uploads\/2023\/09\/cropped-logo-emmisa-1-e1695405138540.png\",\"width\":512,\"height\":512,\"caption\":\"Emissa INC\"},\"image\":{\"@id\":\"https:\/\/emmisa.com\/#\/schema\/logo\/image\/\"}}]}<\/script>\n<!-- \/ Yoast SEO plugin. -->","yoast_head_json":{"title":"Trozos de at\u00fan listado en agua - Emissa INC","robots":{"index":"index","follow":"follow","max-snippet":"max-snippet:-1","max-image-preview":"max-image-preview:large","max-video-preview":"max-video-preview:-1"},"canonical":"https:\/\/emmisa.com\/en\/product\/trozos-de-atun-listado-en-agua\/","og_locale":"en_US","og_type":"article","og_title":"Trozos de at\u00fan listado en agua - Emissa INC","og_description":"Nuestro at\u00fan en agua es la elecci\u00f3n perfecta para quienes buscan una alternativa saludable y ligera sin sacrificar el sabor. Proveniente de las costas del Pac\u00edfico ecuatoriano, cada lata contiene at\u00fan de alta calidad, capturado bajo pr\u00e1cticas responsables que respetan el ecosistema marino. El at\u00fan es procesado y envasado en agua pura, lo que le &hellip; Trozos de at\u00fan listado en agua Read More &raquo;","og_url":"https:\/\/emmisa.com\/en\/product\/trozos-de-atun-listado-en-agua\/","og_site_name":"Emissa INC","article_modified_time":"2026-02-21T00:52:52+00:00","og_image":[{"width":1344,"height":768,"url":"https:\/\/emmisa.com\/wp-content\/uploads\/2026\/02\/Gemini_Generated_Image_lauae9lauae9laua.png","type":"image\/png"}],"twitter_card":"summary_large_image","twitter_misc":{"Est. reading time":"1 minute"},"schema":{"@context":"https:\/\/schema.org","@graph":[{"@type":"WebPage","@id":"https:\/\/emmisa.com\/product\/trozos-de-atun-listado-en-agua\/","url":"https:\/\/emmisa.com\/product\/trozos-de-atun-listado-en-agua\/","name":"Trozos de at\u00fan listado en agua - Emissa INC","isPartOf":{"@id":"https:\/\/emmisa.com\/#website"},"primaryImageOfPage":{"@id":"https:\/\/emmisa.com\/product\/trozos-de-atun-listado-en-agua\/#primaryimage"},"image":{"@id":"https:\/\/emmisa.com\/product\/trozos-de-atun-listado-en-agua\/#primaryimage"},"thumbnailUrl":"https:\/\/emmisa.com\/wp-content\/uploads\/2026\/02\/Gemini_Generated_Image_lauae9lauae9laua.png","datePublished":"2026-02-20T22:14:56+00:00","dateModified":"2026-02-21T00:52:52+00:00","breadcrumb":{"@id":"https:\/\/emmisa.com\/product\/trozos-de-atun-listado-en-agua\/#breadcrumb"},"inLanguage":"en-CA","potentialAction":[{"@type":"ReadAction","target":["https:\/\/emmisa.com\/product\/trozos-de-atun-listado-en-agua\/"]}]},{"@type":"ImageObject","inLanguage":"en-CA","@id":"https:\/\/emmisa.com\/product\/trozos-de-atun-listado-en-agua\/#primaryimage","url":"https:\/\/emmisa.com\/wp-content\/uploads\/2026\/02\/Gemini_Generated_Image_lauae9lauae9laua.png","contentUrl":"https:\/\/emmisa.com\/wp-content\/uploads\/2026\/02\/Gemini_Generated_Image_lauae9lauae9laua.png","width":1344,"height":768},{"@type":"BreadcrumbList","@id":"https:\/\/emmisa.com\/product\/trozos-de-atun-listado-en-agua\/#breadcrumb","itemListElement":[{"@type":"ListItem","position":1,"name":"Inicio","item":"https:\/\/emmisa.com\/"},{"@type":"ListItem","position":2,"name":"Shop","item":"https:\/\/emmisa.com\/en\/shop\/"},{"@type":"ListItem","position":3,"name":"Trozos de at\u00fan listado en agua"}]},{"@type":"WebSite","@id":"https:\/\/emmisa.com\/#website","url":"https:\/\/emmisa.com\/","name":"Emissa - Compa\u00f1\u00eda de Brokers Internacional","description":"Internacional Business Alliances","publisher":{"@id":"https:\/\/emmisa.com\/#organization"},"potentialAction":[{"@type":"SearchAction","target":{"@type":"EntryPoint","urlTemplate":"https:\/\/emmisa.com\/?s={search_term_string}"},"query-input":{"@type":"PropertyValueSpecification","valueRequired":true,"valueName":"search_term_string"}}],"inLanguage":"en-CA"},{"@type":"Organization","@id":"https:\/\/emmisa.com\/#organization","name":"Emissa INC","url":"https:\/\/emmisa.com\/","logo":{"@type":"ImageObject","inLanguage":"en-CA","@id":"https:\/\/emmisa.com\/#\/schema\/logo\/image\/","url":"https:\/\/emmisa.com\/wp-content\/uploads\/2023\/09\/cropped-logo-emmisa-1-e1695405138540.png","contentUrl":"https:\/\/emmisa.com\/wp-content\/uploads\/2023\/09\/cropped-logo-emmisa-1-e1695405138540.png","width":512,"height":512,"caption":"Emissa INC"},"image":{"@id":"https:\/\/emmisa.com\/#\/schema\/logo\/image\/"}}]}},"_links":{"self":[{"href":"https:\/\/emmisa.com\/en\/wp-json\/wp\/v2\/product\/1804","targetHints":{"allow":["GET"]}}],"collection":[{"href":"https:\/\/emmisa.com\/en\/wp-json\/wp\/v2\/product"}],"about":[{"href":"https:\/\/emmisa.com\/en\/wp-json\/wp\/v2\/types\/product"}],"replies":[{"embeddable":true,"href":"https:\/\/emmisa.com\/en\/wp-json\/wp\/v2\/comments?post=1804"}],"wp:featuredmedia":[{"embeddable":true,"href":"https:\/\/emmisa.com\/en\/wp-json\/wp\/v2\/media\/1827"}],"wp:attachment":[{"href":"https:\/\/emmisa.com\/en\/wp-json\/wp\/v2\/media?parent=1804"}],"wp:term":[{"taxonomy":"product_brand","embeddable":true,"href":"https:\/\/emmisa.com\/en\/wp-json\/wp\/v2\/product_brand?post=1804"},{"taxonomy":"product_cat","embeddable":true,"href":"https:\/\/emmisa.com\/en\/wp-json\/wp\/v2\/product_cat?post=1804"},{"taxonomy":"product_tag","embeddable":true,"href":"https:\/\/emmisa.com\/en\/wp-json\/wp\/v2\/product_tag?post=1804"}],"curies":[{"name":"wp","href":"https:\/\/api.w.org\/{rel}","templated":true}]}}