{"id":1641,"date":"2024-05-21T04:44:56","date_gmt":"2024-05-21T04:44:56","guid":{"rendered":"https:\/\/emmisa.com\/?post_type=product&#038;p=1641"},"modified":"2024-05-25T02:48:38","modified_gmt":"2024-05-25T02:48:38","slug":"crude-avocado-oil","status":"publish","type":"product","link":"https:\/\/emmisa.com\/en\/product\/crude-avocado-oil\/","title":{"rendered":"Crude Avocado Oil"},"content":{"rendered":"<p><strong>Generality:<\/strong> 100% pure avocado oil, known as crude oil, obtained using mechanical methods such as maceration, decantation, spin-drying, and\/or cold pressing of the avocado pulp.<\/p>","protected":false},"excerpt":{"rendered":"<p>Generalidades: Aceite de aguacate 100% puro, conocido como aceite crudo, obtenido mediante m\u00e9todos mec\u00e1nicos como maceraci\u00f3n, decantaci\u00f3n, centrifugado y\/o prensado en fr\u00edo de la pulpa de aguacate.<\/p>","protected":false},"featured_media":1643,"comment_status":"open","ping_status":"closed","template":"","meta":{"site-sidebar-layout":"default","site-content-layout":"","ast-site-content-layout":"default","site-content-style":"default","site-sidebar-style":"default","ast-global-header-display":"","ast-banner-title-visibility":"","ast-main-header-display":"","ast-hfb-above-header-display":"","ast-hfb-below-header-display":"","ast-hfb-mobile-header-display":"","site-post-title":"","ast-breadcrumbs-content":"","ast-featured-img":"","footer-sml-layout":"","theme-transparent-header-meta":"default","adv-header-id-meta":"","stick-header-meta":"","header-above-stick-meta":"","header-main-stick-meta":"","header-below-stick-meta":"","astra-migrate-meta-layouts":"set"},"product_brand":[],"product_cat":[59],"product_tag":[52],"class_list":{"0":"post-1641","1":"product","2":"type-product","3":"status-publish","4":"has-post-thumbnail","6":"product_cat-aceites","7":"product_tag-avocado","8":"desktop-align-left","9":"tablet-align-left","10":"mobile-align-left","12":"first","13":"instock","14":"shipping-taxable","15":"product-type-simple"},"yoast_head":"<!-- This site is optimized with the Yoast SEO plugin v27.0 - https:\/\/yoast.com\/product\/yoast-seo-wordpress\/ -->\n<title>Aceite de Aguacate Crudo - Emissa INC<\/title>\n<meta name=\"robots\" content=\"index, follow, max-snippet:-1, max-image-preview:large, max-video-preview:-1\" \/>\n<link rel=\"canonical\" href=\"https:\/\/emmisa.com\/en\/product\/crude-avocado-oil\/\" \/>\n<meta property=\"og:locale\" content=\"en_US\" \/>\n<meta property=\"og:type\" content=\"article\" \/>\n<meta property=\"og:title\" content=\"Aceite de Aguacate Crudo - Emissa INC\" \/>\n<meta property=\"og:description\" content=\"Generalidades: Aceite de aguacate 100% puro, conocido como aceite crudo, obtenido mediante m\u00e9todos mec\u00e1nicos como maceraci\u00f3n, decantaci\u00f3n, centrifugado y\/o prensado en fr\u00edo de la pulpa de aguacate.\" \/>\n<meta property=\"og:url\" content=\"https:\/\/emmisa.com\/en\/product\/crude-avocado-oil\/\" \/>\n<meta property=\"og:site_name\" content=\"Emissa INC\" \/>\n<meta property=\"article:modified_time\" content=\"2024-05-25T02:48:38+00:00\" \/>\n<meta property=\"og:image\" content=\"https:\/\/emmisa.com\/wp-content\/uploads\/2024\/05\/avocado-oil.jpg\" \/>\n\t<meta property=\"og:image:width\" content=\"1080\" \/>\n\t<meta property=\"og:image:height\" content=\"1080\" \/>\n\t<meta property=\"og:image:type\" content=\"image\/jpeg\" \/>\n<meta name=\"twitter:card\" content=\"summary_large_image\" \/>\n<meta name=\"twitter:label1\" content=\"Est. reading time\" \/>\n\t<meta name=\"twitter:data1\" content=\"1 minute\" \/>\n<script type=\"application\/ld+json\" class=\"yoast-schema-graph\">{\"@context\":\"https:\/\/schema.org\",\"@graph\":[{\"@type\":\"WebPage\",\"@id\":\"https:\/\/emmisa.com\/product\/crude-avocado-oil\/\",\"url\":\"https:\/\/emmisa.com\/product\/crude-avocado-oil\/\",\"name\":\"Aceite de Aguacate Crudo - Emissa INC\",\"isPartOf\":{\"@id\":\"https:\/\/emmisa.com\/#website\"},\"primaryImageOfPage\":{\"@id\":\"https:\/\/emmisa.com\/product\/crude-avocado-oil\/#primaryimage\"},\"image\":{\"@id\":\"https:\/\/emmisa.com\/product\/crude-avocado-oil\/#primaryimage\"},\"thumbnailUrl\":\"https:\/\/emmisa.com\/wp-content\/uploads\/2024\/05\/avocado-oil.jpg\",\"datePublished\":\"2024-05-21T04:44:56+00:00\",\"dateModified\":\"2024-05-25T02:48:38+00:00\",\"breadcrumb\":{\"@id\":\"https:\/\/emmisa.com\/product\/crude-avocado-oil\/#breadcrumb\"},\"inLanguage\":\"en-CA\",\"potentialAction\":[{\"@type\":\"ReadAction\",\"target\":[\"https:\/\/emmisa.com\/product\/crude-avocado-oil\/\"]}]},{\"@type\":\"ImageObject\",\"inLanguage\":\"en-CA\",\"@id\":\"https:\/\/emmisa.com\/product\/crude-avocado-oil\/#primaryimage\",\"url\":\"https:\/\/emmisa.com\/wp-content\/uploads\/2024\/05\/avocado-oil.jpg\",\"contentUrl\":\"https:\/\/emmisa.com\/wp-content\/uploads\/2024\/05\/avocado-oil.jpg\",\"width\":1080,\"height\":1080},{\"@type\":\"BreadcrumbList\",\"@id\":\"https:\/\/emmisa.com\/product\/crude-avocado-oil\/#breadcrumb\",\"itemListElement\":[{\"@type\":\"ListItem\",\"position\":1,\"name\":\"Inicio\",\"item\":\"https:\/\/emmisa.com\/\"},{\"@type\":\"ListItem\",\"position\":2,\"name\":\"Shop\",\"item\":\"https:\/\/emmisa.com\/en\/shop\/\"},{\"@type\":\"ListItem\",\"position\":3,\"name\":\"Aceite de Aguacate Crudo\"}]},{\"@type\":\"WebSite\",\"@id\":\"https:\/\/emmisa.com\/#website\",\"url\":\"https:\/\/emmisa.com\/\",\"name\":\"Emissa - Compa\u00f1\u00eda de Brokers Internacional\",\"description\":\"Internacional Business Alliances\",\"publisher\":{\"@id\":\"https:\/\/emmisa.com\/#organization\"},\"potentialAction\":[{\"@type\":\"SearchAction\",\"target\":{\"@type\":\"EntryPoint\",\"urlTemplate\":\"https:\/\/emmisa.com\/?s={search_term_string}\"},\"query-input\":{\"@type\":\"PropertyValueSpecification\",\"valueRequired\":true,\"valueName\":\"search_term_string\"}}],\"inLanguage\":\"en-CA\"},{\"@type\":\"Organization\",\"@id\":\"https:\/\/emmisa.com\/#organization\",\"name\":\"Emissa INC\",\"url\":\"https:\/\/emmisa.com\/\",\"logo\":{\"@type\":\"ImageObject\",\"inLanguage\":\"en-CA\",\"@id\":\"https:\/\/emmisa.com\/#\/schema\/logo\/image\/\",\"url\":\"https:\/\/emmisa.com\/wp-content\/uploads\/2023\/09\/cropped-logo-emmisa-1-e1695405138540.png\",\"contentUrl\":\"https:\/\/emmisa.com\/wp-content\/uploads\/2023\/09\/cropped-logo-emmisa-1-e1695405138540.png\",\"width\":512,\"height\":512,\"caption\":\"Emissa INC\"},\"image\":{\"@id\":\"https:\/\/emmisa.com\/#\/schema\/logo\/image\/\"}}]}<\/script>\n<!-- \/ Yoast SEO plugin. -->","yoast_head_json":{"title":"Aceite de Aguacate Crudo - Emissa INC","robots":{"index":"index","follow":"follow","max-snippet":"max-snippet:-1","max-image-preview":"max-image-preview:large","max-video-preview":"max-video-preview:-1"},"canonical":"https:\/\/emmisa.com\/en\/product\/crude-avocado-oil\/","og_locale":"en_US","og_type":"article","og_title":"Aceite de Aguacate Crudo - Emissa INC","og_description":"Generalidades: Aceite de aguacate 100% puro, conocido como aceite crudo, obtenido mediante m\u00e9todos mec\u00e1nicos como maceraci\u00f3n, decantaci\u00f3n, centrifugado y\/o prensado en fr\u00edo de la pulpa de aguacate.","og_url":"https:\/\/emmisa.com\/en\/product\/crude-avocado-oil\/","og_site_name":"Emissa INC","article_modified_time":"2024-05-25T02:48:38+00:00","og_image":[{"width":1080,"height":1080,"url":"https:\/\/emmisa.com\/wp-content\/uploads\/2024\/05\/avocado-oil.jpg","type":"image\/jpeg"}],"twitter_card":"summary_large_image","twitter_misc":{"Est. reading time":"1 minute"},"schema":{"@context":"https:\/\/schema.org","@graph":[{"@type":"WebPage","@id":"https:\/\/emmisa.com\/product\/crude-avocado-oil\/","url":"https:\/\/emmisa.com\/product\/crude-avocado-oil\/","name":"Aceite de Aguacate Crudo - Emissa INC","isPartOf":{"@id":"https:\/\/emmisa.com\/#website"},"primaryImageOfPage":{"@id":"https:\/\/emmisa.com\/product\/crude-avocado-oil\/#primaryimage"},"image":{"@id":"https:\/\/emmisa.com\/product\/crude-avocado-oil\/#primaryimage"},"thumbnailUrl":"https:\/\/emmisa.com\/wp-content\/uploads\/2024\/05\/avocado-oil.jpg","datePublished":"2024-05-21T04:44:56+00:00","dateModified":"2024-05-25T02:48:38+00:00","breadcrumb":{"@id":"https:\/\/emmisa.com\/product\/crude-avocado-oil\/#breadcrumb"},"inLanguage":"en-CA","potentialAction":[{"@type":"ReadAction","target":["https:\/\/emmisa.com\/product\/crude-avocado-oil\/"]}]},{"@type":"ImageObject","inLanguage":"en-CA","@id":"https:\/\/emmisa.com\/product\/crude-avocado-oil\/#primaryimage","url":"https:\/\/emmisa.com\/wp-content\/uploads\/2024\/05\/avocado-oil.jpg","contentUrl":"https:\/\/emmisa.com\/wp-content\/uploads\/2024\/05\/avocado-oil.jpg","width":1080,"height":1080},{"@type":"BreadcrumbList","@id":"https:\/\/emmisa.com\/product\/crude-avocado-oil\/#breadcrumb","itemListElement":[{"@type":"ListItem","position":1,"name":"Inicio","item":"https:\/\/emmisa.com\/"},{"@type":"ListItem","position":2,"name":"Shop","item":"https:\/\/emmisa.com\/en\/shop\/"},{"@type":"ListItem","position":3,"name":"Aceite de Aguacate Crudo"}]},{"@type":"WebSite","@id":"https:\/\/emmisa.com\/#website","url":"https:\/\/emmisa.com\/","name":"Emissa - Compa\u00f1\u00eda de Brokers Internacional","description":"Internacional Business Alliances","publisher":{"@id":"https:\/\/emmisa.com\/#organization"},"potentialAction":[{"@type":"SearchAction","target":{"@type":"EntryPoint","urlTemplate":"https:\/\/emmisa.com\/?s={search_term_string}"},"query-input":{"@type":"PropertyValueSpecification","valueRequired":true,"valueName":"search_term_string"}}],"inLanguage":"en-CA"},{"@type":"Organization","@id":"https:\/\/emmisa.com\/#organization","name":"Emissa INC","url":"https:\/\/emmisa.com\/","logo":{"@type":"ImageObject","inLanguage":"en-CA","@id":"https:\/\/emmisa.com\/#\/schema\/logo\/image\/","url":"https:\/\/emmisa.com\/wp-content\/uploads\/2023\/09\/cropped-logo-emmisa-1-e1695405138540.png","contentUrl":"https:\/\/emmisa.com\/wp-content\/uploads\/2023\/09\/cropped-logo-emmisa-1-e1695405138540.png","width":512,"height":512,"caption":"Emissa INC"},"image":{"@id":"https:\/\/emmisa.com\/#\/schema\/logo\/image\/"}}]}},"_links":{"self":[{"href":"https:\/\/emmisa.com\/en\/wp-json\/wp\/v2\/product\/1641","targetHints":{"allow":["GET"]}}],"collection":[{"href":"https:\/\/emmisa.com\/en\/wp-json\/wp\/v2\/product"}],"about":[{"href":"https:\/\/emmisa.com\/en\/wp-json\/wp\/v2\/types\/product"}],"replies":[{"embeddable":true,"href":"https:\/\/emmisa.com\/en\/wp-json\/wp\/v2\/comments?post=1641"}],"wp:featuredmedia":[{"embeddable":true,"href":"https:\/\/emmisa.com\/en\/wp-json\/wp\/v2\/media\/1643"}],"wp:attachment":[{"href":"https:\/\/emmisa.com\/en\/wp-json\/wp\/v2\/media?parent=1641"}],"wp:term":[{"taxonomy":"product_brand","embeddable":true,"href":"https:\/\/emmisa.com\/en\/wp-json\/wp\/v2\/product_brand?post=1641"},{"taxonomy":"product_cat","embeddable":true,"href":"https:\/\/emmisa.com\/en\/wp-json\/wp\/v2\/product_cat?post=1641"},{"taxonomy":"product_tag","embeddable":true,"href":"https:\/\/emmisa.com\/en\/wp-json\/wp\/v2\/product_tag?post=1641"}],"curies":[{"name":"wp","href":"https:\/\/api.w.org\/{rel}","templated":true}]}}