{"id":1276,"date":"2023-12-31T20:53:58","date_gmt":"2023-12-31T20:53:58","guid":{"rendered":"https:\/\/emmisa.com\/?post_type=product&#038;p=1276"},"modified":"2024-05-19T20:20:49","modified_gmt":"2024-05-19T20:20:49","slug":"chile-poblano-roasted","status":"publish","type":"product","link":"https:\/\/emmisa.com\/en\/product\/chile-poblano-roasted\/","title":{"rendered":"Chile poblano roasted"},"content":{"rendered":"<p><strong>PRODUCT DESCRIPTION:<\/strong><\/p>\n<p>Chile poblano roasted, deveined and stuffed with 50g of grilled cheese, capped with egg whites, flour, implulsor, and paprica, ready for consumption which is frozen and packed, according to Good Manufacturing Practices and the HACCP System.<\/p>\n<p><strong>Ingredients:<\/strong><\/p>\n<ul>\n<li>Chile poblano<\/li>\n<li>egg whites<\/li>\n<li>Cheese<\/li>\n<li>Flour<\/li>\n<li>salt<\/li>\n<li>paprica<\/li>\n<\/ul>","protected":false},"excerpt":{"rendered":"<p>DESCRIPCI\u00d3N DEL PRODUCTO: Chile poblano asado, desvenado y relleno con 50 g de queso a la parrilla, cubierto con claras de huevo, harina, impulsor y piment\u00f3n, listo para el consumo, el cual est\u00e1 congelado y empaquetado de acuerdo con las Buenas Pr\u00e1cticas de Manufactura y el Sistema HACCP. Ingredientes: Chile poblano Claras de huevo Queso &hellip;<\/p>\n<p class=\"read-more\"> <a class=\"\" href=\"https:\/\/emmisa.com\/en\/product\/chile-poblano-roasted\/\"> <span class=\"screen-reader-text\">Chile poblano roasted<\/span> Read More &raquo;<\/a><\/p>","protected":false},"featured_media":1304,"comment_status":"open","ping_status":"closed","template":"","meta":{"site-sidebar-layout":"default","site-content-layout":"","ast-site-content-layout":"default","site-content-style":"default","site-sidebar-style":"default","ast-global-header-display":"","ast-banner-title-visibility":"","ast-main-header-display":"","ast-hfb-above-header-display":"","ast-hfb-below-header-display":"","ast-hfb-mobile-header-display":"","site-post-title":"","ast-breadcrumbs-content":"","ast-featured-img":"","footer-sml-layout":"","theme-transparent-header-meta":"default","adv-header-id-meta":"","stick-header-meta":"","header-above-stick-meta":"","header-main-stick-meta":"","header-below-stick-meta":"","astra-migrate-meta-layouts":"set"},"product_brand":[],"product_cat":[45],"product_tag":[],"class_list":{"0":"post-1276","1":"product","2":"type-product","3":"status-publish","4":"has-post-thumbnail","6":"product_cat-mexican-gourmet","7":"desktop-align-left","8":"tablet-align-left","9":"mobile-align-left","11":"first","12":"instock","13":"shipping-taxable","14":"product-type-simple"},"yoast_head":"<!-- This site is optimized with the Yoast SEO plugin v27.0 - https:\/\/yoast.com\/product\/yoast-seo-wordpress\/ -->\n<title>Chile poblano asado - Emissa INC<\/title>\n<meta name=\"robots\" content=\"index, follow, max-snippet:-1, max-image-preview:large, max-video-preview:-1\" \/>\n<link rel=\"canonical\" href=\"https:\/\/emmisa.com\/en\/product\/chile-poblano-roasted\/\" \/>\n<meta property=\"og:locale\" content=\"en_US\" \/>\n<meta property=\"og:type\" content=\"article\" \/>\n<meta property=\"og:title\" content=\"Chile poblano asado - Emissa INC\" \/>\n<meta property=\"og:description\" content=\"DESCRIPCI\u00d3N DEL PRODUCTO: Chile poblano asado, desvenado y relleno con 50 g de queso a la parrilla, cubierto con claras de huevo, harina, impulsor y piment\u00f3n, listo para el consumo, el cual est\u00e1 congelado y empaquetado de acuerdo con las Buenas Pr\u00e1cticas de Manufactura y el Sistema HACCP. Ingredientes: Chile poblano Claras de huevo Queso &hellip; Chile poblano asado Read More &raquo;\" \/>\n<meta property=\"og:url\" content=\"https:\/\/emmisa.com\/en\/product\/chile-poblano-roasted\/\" \/>\n<meta property=\"og:site_name\" content=\"Emissa INC\" \/>\n<meta property=\"article:modified_time\" content=\"2024-05-19T20:20:49+00:00\" \/>\n<meta property=\"og:image\" content=\"https:\/\/emmisa.com\/wp-content\/uploads\/2023\/12\/chilerelleno1-1.jpg\" \/>\n\t<meta property=\"og:image:width\" content=\"1080\" \/>\n\t<meta property=\"og:image:height\" content=\"1080\" \/>\n\t<meta property=\"og:image:type\" content=\"image\/jpeg\" \/>\n<meta name=\"twitter:card\" content=\"summary_large_image\" \/>\n<meta name=\"twitter:label1\" content=\"Est. reading time\" \/>\n\t<meta name=\"twitter:data1\" content=\"1 minute\" \/>\n<script type=\"application\/ld+json\" class=\"yoast-schema-graph\">{\"@context\":\"https:\/\/schema.org\",\"@graph\":[{\"@type\":\"WebPage\",\"@id\":\"https:\/\/emmisa.com\/product\/chile-poblano-roasted\/\",\"url\":\"https:\/\/emmisa.com\/product\/chile-poblano-roasted\/\",\"name\":\"Chile poblano asado - Emissa INC\",\"isPartOf\":{\"@id\":\"https:\/\/emmisa.com\/#website\"},\"primaryImageOfPage\":{\"@id\":\"https:\/\/emmisa.com\/product\/chile-poblano-roasted\/#primaryimage\"},\"image\":{\"@id\":\"https:\/\/emmisa.com\/product\/chile-poblano-roasted\/#primaryimage\"},\"thumbnailUrl\":\"https:\/\/emmisa.com\/wp-content\/uploads\/2023\/12\/chilerelleno1-1.jpg\",\"datePublished\":\"2023-12-31T20:53:58+00:00\",\"dateModified\":\"2024-05-19T20:20:49+00:00\",\"breadcrumb\":{\"@id\":\"https:\/\/emmisa.com\/product\/chile-poblano-roasted\/#breadcrumb\"},\"inLanguage\":\"en-CA\",\"potentialAction\":[{\"@type\":\"ReadAction\",\"target\":[\"https:\/\/emmisa.com\/product\/chile-poblano-roasted\/\"]}]},{\"@type\":\"ImageObject\",\"inLanguage\":\"en-CA\",\"@id\":\"https:\/\/emmisa.com\/product\/chile-poblano-roasted\/#primaryimage\",\"url\":\"https:\/\/emmisa.com\/wp-content\/uploads\/2023\/12\/chilerelleno1-1.jpg\",\"contentUrl\":\"https:\/\/emmisa.com\/wp-content\/uploads\/2023\/12\/chilerelleno1-1.jpg\",\"width\":1080,\"height\":1080},{\"@type\":\"BreadcrumbList\",\"@id\":\"https:\/\/emmisa.com\/product\/chile-poblano-roasted\/#breadcrumb\",\"itemListElement\":[{\"@type\":\"ListItem\",\"position\":1,\"name\":\"Inicio\",\"item\":\"https:\/\/emmisa.com\/\"},{\"@type\":\"ListItem\",\"position\":2,\"name\":\"Shop\",\"item\":\"https:\/\/emmisa.com\/en\/shop\/\"},{\"@type\":\"ListItem\",\"position\":3,\"name\":\"Chile poblano asado\"}]},{\"@type\":\"WebSite\",\"@id\":\"https:\/\/emmisa.com\/#website\",\"url\":\"https:\/\/emmisa.com\/\",\"name\":\"Emissa - Compa\u00f1\u00eda de Brokers Internacional\",\"description\":\"Internacional Business Alliances\",\"publisher\":{\"@id\":\"https:\/\/emmisa.com\/#organization\"},\"potentialAction\":[{\"@type\":\"SearchAction\",\"target\":{\"@type\":\"EntryPoint\",\"urlTemplate\":\"https:\/\/emmisa.com\/?s={search_term_string}\"},\"query-input\":{\"@type\":\"PropertyValueSpecification\",\"valueRequired\":true,\"valueName\":\"search_term_string\"}}],\"inLanguage\":\"en-CA\"},{\"@type\":\"Organization\",\"@id\":\"https:\/\/emmisa.com\/#organization\",\"name\":\"Emissa INC\",\"url\":\"https:\/\/emmisa.com\/\",\"logo\":{\"@type\":\"ImageObject\",\"inLanguage\":\"en-CA\",\"@id\":\"https:\/\/emmisa.com\/#\/schema\/logo\/image\/\",\"url\":\"https:\/\/emmisa.com\/wp-content\/uploads\/2023\/09\/cropped-logo-emmisa-1-e1695405138540.png\",\"contentUrl\":\"https:\/\/emmisa.com\/wp-content\/uploads\/2023\/09\/cropped-logo-emmisa-1-e1695405138540.png\",\"width\":512,\"height\":512,\"caption\":\"Emissa INC\"},\"image\":{\"@id\":\"https:\/\/emmisa.com\/#\/schema\/logo\/image\/\"}}]}<\/script>\n<!-- \/ Yoast SEO plugin. -->","yoast_head_json":{"title":"Chile poblano asado - Emissa INC","robots":{"index":"index","follow":"follow","max-snippet":"max-snippet:-1","max-image-preview":"max-image-preview:large","max-video-preview":"max-video-preview:-1"},"canonical":"https:\/\/emmisa.com\/en\/product\/chile-poblano-roasted\/","og_locale":"en_US","og_type":"article","og_title":"Chile poblano asado - Emissa INC","og_description":"DESCRIPCI\u00d3N DEL PRODUCTO: Chile poblano asado, desvenado y relleno con 50 g de queso a la parrilla, cubierto con claras de huevo, harina, impulsor y piment\u00f3n, listo para el consumo, el cual est\u00e1 congelado y empaquetado de acuerdo con las Buenas Pr\u00e1cticas de Manufactura y el Sistema HACCP. Ingredientes: Chile poblano Claras de huevo Queso &hellip; Chile poblano asado Read More &raquo;","og_url":"https:\/\/emmisa.com\/en\/product\/chile-poblano-roasted\/","og_site_name":"Emissa INC","article_modified_time":"2024-05-19T20:20:49+00:00","og_image":[{"width":1080,"height":1080,"url":"https:\/\/emmisa.com\/wp-content\/uploads\/2023\/12\/chilerelleno1-1.jpg","type":"image\/jpeg"}],"twitter_card":"summary_large_image","twitter_misc":{"Est. reading time":"1 minute"},"schema":{"@context":"https:\/\/schema.org","@graph":[{"@type":"WebPage","@id":"https:\/\/emmisa.com\/product\/chile-poblano-roasted\/","url":"https:\/\/emmisa.com\/product\/chile-poblano-roasted\/","name":"Chile poblano asado - Emissa INC","isPartOf":{"@id":"https:\/\/emmisa.com\/#website"},"primaryImageOfPage":{"@id":"https:\/\/emmisa.com\/product\/chile-poblano-roasted\/#primaryimage"},"image":{"@id":"https:\/\/emmisa.com\/product\/chile-poblano-roasted\/#primaryimage"},"thumbnailUrl":"https:\/\/emmisa.com\/wp-content\/uploads\/2023\/12\/chilerelleno1-1.jpg","datePublished":"2023-12-31T20:53:58+00:00","dateModified":"2024-05-19T20:20:49+00:00","breadcrumb":{"@id":"https:\/\/emmisa.com\/product\/chile-poblano-roasted\/#breadcrumb"},"inLanguage":"en-CA","potentialAction":[{"@type":"ReadAction","target":["https:\/\/emmisa.com\/product\/chile-poblano-roasted\/"]}]},{"@type":"ImageObject","inLanguage":"en-CA","@id":"https:\/\/emmisa.com\/product\/chile-poblano-roasted\/#primaryimage","url":"https:\/\/emmisa.com\/wp-content\/uploads\/2023\/12\/chilerelleno1-1.jpg","contentUrl":"https:\/\/emmisa.com\/wp-content\/uploads\/2023\/12\/chilerelleno1-1.jpg","width":1080,"height":1080},{"@type":"BreadcrumbList","@id":"https:\/\/emmisa.com\/product\/chile-poblano-roasted\/#breadcrumb","itemListElement":[{"@type":"ListItem","position":1,"name":"Inicio","item":"https:\/\/emmisa.com\/"},{"@type":"ListItem","position":2,"name":"Shop","item":"https:\/\/emmisa.com\/en\/shop\/"},{"@type":"ListItem","position":3,"name":"Chile poblano asado"}]},{"@type":"WebSite","@id":"https:\/\/emmisa.com\/#website","url":"https:\/\/emmisa.com\/","name":"Emissa - Compa\u00f1\u00eda de Brokers Internacional","description":"Internacional Business Alliances","publisher":{"@id":"https:\/\/emmisa.com\/#organization"},"potentialAction":[{"@type":"SearchAction","target":{"@type":"EntryPoint","urlTemplate":"https:\/\/emmisa.com\/?s={search_term_string}"},"query-input":{"@type":"PropertyValueSpecification","valueRequired":true,"valueName":"search_term_string"}}],"inLanguage":"en-CA"},{"@type":"Organization","@id":"https:\/\/emmisa.com\/#organization","name":"Emissa INC","url":"https:\/\/emmisa.com\/","logo":{"@type":"ImageObject","inLanguage":"en-CA","@id":"https:\/\/emmisa.com\/#\/schema\/logo\/image\/","url":"https:\/\/emmisa.com\/wp-content\/uploads\/2023\/09\/cropped-logo-emmisa-1-e1695405138540.png","contentUrl":"https:\/\/emmisa.com\/wp-content\/uploads\/2023\/09\/cropped-logo-emmisa-1-e1695405138540.png","width":512,"height":512,"caption":"Emissa INC"},"image":{"@id":"https:\/\/emmisa.com\/#\/schema\/logo\/image\/"}}]}},"_links":{"self":[{"href":"https:\/\/emmisa.com\/en\/wp-json\/wp\/v2\/product\/1276","targetHints":{"allow":["GET"]}}],"collection":[{"href":"https:\/\/emmisa.com\/en\/wp-json\/wp\/v2\/product"}],"about":[{"href":"https:\/\/emmisa.com\/en\/wp-json\/wp\/v2\/types\/product"}],"replies":[{"embeddable":true,"href":"https:\/\/emmisa.com\/en\/wp-json\/wp\/v2\/comments?post=1276"}],"wp:featuredmedia":[{"embeddable":true,"href":"https:\/\/emmisa.com\/en\/wp-json\/wp\/v2\/media\/1304"}],"wp:attachment":[{"href":"https:\/\/emmisa.com\/en\/wp-json\/wp\/v2\/media?parent=1276"}],"wp:term":[{"taxonomy":"product_brand","embeddable":true,"href":"https:\/\/emmisa.com\/en\/wp-json\/wp\/v2\/product_brand?post=1276"},{"taxonomy":"product_cat","embeddable":true,"href":"https:\/\/emmisa.com\/en\/wp-json\/wp\/v2\/product_cat?post=1276"},{"taxonomy":"product_tag","embeddable":true,"href":"https:\/\/emmisa.com\/en\/wp-json\/wp\/v2\/product_tag?post=1276"}],"curies":[{"name":"wp","href":"https:\/\/api.w.org\/{rel}","templated":true}]}}