{"id":1275,"date":"2023-12-31T20:53:58","date_gmt":"2023-12-31T20:53:58","guid":{"rendered":"https:\/\/emmisa.com\/?post_type=product&#038;p=1275"},"modified":"2024-05-19T20:12:16","modified_gmt":"2024-05-19T20:12:16","slug":"mini-english-pineapple-tamale","status":"publish","type":"product","link":"https:\/\/emmisa.com\/en\/product\/mini-english-pineapple-tamale\/","title":{"rendered":"Mini English Pineapple Tamale"},"content":{"rendered":"<p>PRODUCT DESCRIPTION:<\/p>\n<p>Tamal dulce tradicional hecho de ma\u00edz nixtamalizado, a\u00f1adido con az\u00facar y colorante natural de pi\u00f1a poblano FD&amp;C AMARILLO #5, con un peso total de 2.1 ONZAS listo para el consumo, el cual est\u00e1 congelado y empaquetado de acuerdo con las Buenas Pr\u00e1cticas de Manufactura y el Sistema HACCP.<\/p>\n<p><strong>Ingredients:<\/strong><\/p>\n<ul>\n<li>Nixtamalized corn<\/li>\n<li>lard<\/li>\n<li>sugar<\/li>\n<li>natural pineapple<\/li>\n<li>baking powder<\/li>\n<li>coloring FD&amp;C<\/li>\n<\/ul>","protected":false},"excerpt":{"rendered":"<p>DESCRIPCI\u00d3N DEL PRODUCTO: Tamal dulce tradicional hecho de ma\u00edz nixtamalizado, a\u00f1adido con az\u00facar y colorante natural de pi\u00f1a poblano FD&amp;C AMARILLO #5, con un peso total de 2.1 ONZAS listo para el consumo, el cual est\u00e1 congelado y empaquetado de acuerdo con las Buenas Pr\u00e1cticas de Manufactura y el Sistema HACCP. Ingredientes: Ma\u00edz nixtamalizado Manteca &hellip;<\/p>\n<p class=\"read-more\"> <a class=\"\" href=\"https:\/\/emmisa.com\/en\/product\/mini-english-pineapple-tamale\/\"> <span class=\"screen-reader-text\">Mini English Pineapple Tamale<\/span> Read More &raquo;<\/a><\/p>","protected":false},"featured_media":1301,"comment_status":"open","ping_status":"closed","template":"","meta":{"site-sidebar-layout":"default","site-content-layout":"","ast-site-content-layout":"default","site-content-style":"default","site-sidebar-style":"default","ast-global-header-display":"","ast-banner-title-visibility":"","ast-main-header-display":"","ast-hfb-above-header-display":"","ast-hfb-below-header-display":"","ast-hfb-mobile-header-display":"","site-post-title":"","ast-breadcrumbs-content":"","ast-featured-img":"","footer-sml-layout":"","theme-transparent-header-meta":"default","adv-header-id-meta":"","stick-header-meta":"","header-above-stick-meta":"","header-main-stick-meta":"","header-below-stick-meta":"","astra-migrate-meta-layouts":"set"},"product_brand":[],"product_cat":[45],"product_tag":[],"class_list":{"0":"post-1275","1":"product","2":"type-product","3":"status-publish","4":"has-post-thumbnail","6":"product_cat-mexican-gourmet","7":"desktop-align-left","8":"tablet-align-left","9":"mobile-align-left","11":"first","12":"instock","13":"shipping-taxable","14":"product-type-simple"},"yoast_head":"<!-- This site is optimized with the Yoast SEO plugin v27.0 - https:\/\/yoast.com\/product\/yoast-seo-wordpress\/ -->\n<title>Mini tamal ingl\u00e9s de pi\u00f1a - Emissa INC<\/title>\n<meta name=\"robots\" content=\"index, follow, max-snippet:-1, max-image-preview:large, max-video-preview:-1\" \/>\n<link rel=\"canonical\" href=\"https:\/\/emmisa.com\/en\/product\/mini-english-pineapple-tamale\/\" \/>\n<meta property=\"og:locale\" content=\"en_US\" \/>\n<meta property=\"og:type\" content=\"article\" \/>\n<meta property=\"og:title\" content=\"Mini tamal ingl\u00e9s de pi\u00f1a - Emissa INC\" \/>\n<meta property=\"og:description\" content=\"DESCRIPCI\u00d3N DEL PRODUCTO: Tamal dulce tradicional hecho de ma\u00edz nixtamalizado, a\u00f1adido con az\u00facar y colorante natural de pi\u00f1a poblano FD&amp;C AMARILLO #5, con un peso total de 2.1 ONZAS listo para el consumo, el cual est\u00e1 congelado y empaquetado de acuerdo con las Buenas Pr\u00e1cticas de Manufactura y el Sistema HACCP. Ingredientes: Ma\u00edz nixtamalizado Manteca &hellip; Mini tamal ingl\u00e9s de pi\u00f1a Read More &raquo;\" \/>\n<meta property=\"og:url\" content=\"https:\/\/emmisa.com\/en\/product\/mini-english-pineapple-tamale\/\" \/>\n<meta property=\"og:site_name\" content=\"Emissa INC\" \/>\n<meta property=\"article:modified_time\" content=\"2024-05-19T20:12:16+00:00\" \/>\n<meta property=\"og:image\" content=\"https:\/\/emmisa.com\/wp-content\/uploads\/2023\/12\/Proyecto-nuevo-1-1.jpg\" \/>\n\t<meta property=\"og:image:width\" content=\"1080\" \/>\n\t<meta property=\"og:image:height\" content=\"1080\" \/>\n\t<meta property=\"og:image:type\" content=\"image\/jpeg\" \/>\n<meta name=\"twitter:card\" content=\"summary_large_image\" \/>\n<meta name=\"twitter:label1\" content=\"Est. reading time\" \/>\n\t<meta name=\"twitter:data1\" content=\"1 minute\" \/>\n<script type=\"application\/ld+json\" class=\"yoast-schema-graph\">{\"@context\":\"https:\/\/schema.org\",\"@graph\":[{\"@type\":\"WebPage\",\"@id\":\"https:\/\/emmisa.com\/product\/mini-english-pineapple-tamale\/\",\"url\":\"https:\/\/emmisa.com\/product\/mini-english-pineapple-tamale\/\",\"name\":\"Mini tamal ingl\u00e9s de pi\u00f1a - Emissa INC\",\"isPartOf\":{\"@id\":\"https:\/\/emmisa.com\/#website\"},\"primaryImageOfPage\":{\"@id\":\"https:\/\/emmisa.com\/product\/mini-english-pineapple-tamale\/#primaryimage\"},\"image\":{\"@id\":\"https:\/\/emmisa.com\/product\/mini-english-pineapple-tamale\/#primaryimage\"},\"thumbnailUrl\":\"https:\/\/emmisa.com\/wp-content\/uploads\/2023\/12\/Proyecto-nuevo-1-1.jpg\",\"datePublished\":\"2023-12-31T20:53:58+00:00\",\"dateModified\":\"2024-05-19T20:12:16+00:00\",\"breadcrumb\":{\"@id\":\"https:\/\/emmisa.com\/product\/mini-english-pineapple-tamale\/#breadcrumb\"},\"inLanguage\":\"en-CA\",\"potentialAction\":[{\"@type\":\"ReadAction\",\"target\":[\"https:\/\/emmisa.com\/product\/mini-english-pineapple-tamale\/\"]}]},{\"@type\":\"ImageObject\",\"inLanguage\":\"en-CA\",\"@id\":\"https:\/\/emmisa.com\/product\/mini-english-pineapple-tamale\/#primaryimage\",\"url\":\"https:\/\/emmisa.com\/wp-content\/uploads\/2023\/12\/Proyecto-nuevo-1-1.jpg\",\"contentUrl\":\"https:\/\/emmisa.com\/wp-content\/uploads\/2023\/12\/Proyecto-nuevo-1-1.jpg\",\"width\":1080,\"height\":1080},{\"@type\":\"BreadcrumbList\",\"@id\":\"https:\/\/emmisa.com\/product\/mini-english-pineapple-tamale\/#breadcrumb\",\"itemListElement\":[{\"@type\":\"ListItem\",\"position\":1,\"name\":\"Inicio\",\"item\":\"https:\/\/emmisa.com\/\"},{\"@type\":\"ListItem\",\"position\":2,\"name\":\"Shop\",\"item\":\"https:\/\/emmisa.com\/en\/shop\/\"},{\"@type\":\"ListItem\",\"position\":3,\"name\":\"Mini tamal ingl\u00e9s de pi\u00f1a\"}]},{\"@type\":\"WebSite\",\"@id\":\"https:\/\/emmisa.com\/#website\",\"url\":\"https:\/\/emmisa.com\/\",\"name\":\"Emissa - Compa\u00f1\u00eda de Brokers Internacional\",\"description\":\"Internacional Business Alliances\",\"publisher\":{\"@id\":\"https:\/\/emmisa.com\/#organization\"},\"potentialAction\":[{\"@type\":\"SearchAction\",\"target\":{\"@type\":\"EntryPoint\",\"urlTemplate\":\"https:\/\/emmisa.com\/?s={search_term_string}\"},\"query-input\":{\"@type\":\"PropertyValueSpecification\",\"valueRequired\":true,\"valueName\":\"search_term_string\"}}],\"inLanguage\":\"en-CA\"},{\"@type\":\"Organization\",\"@id\":\"https:\/\/emmisa.com\/#organization\",\"name\":\"Emissa INC\",\"url\":\"https:\/\/emmisa.com\/\",\"logo\":{\"@type\":\"ImageObject\",\"inLanguage\":\"en-CA\",\"@id\":\"https:\/\/emmisa.com\/#\/schema\/logo\/image\/\",\"url\":\"https:\/\/emmisa.com\/wp-content\/uploads\/2023\/09\/cropped-logo-emmisa-1-e1695405138540.png\",\"contentUrl\":\"https:\/\/emmisa.com\/wp-content\/uploads\/2023\/09\/cropped-logo-emmisa-1-e1695405138540.png\",\"width\":512,\"height\":512,\"caption\":\"Emissa INC\"},\"image\":{\"@id\":\"https:\/\/emmisa.com\/#\/schema\/logo\/image\/\"}}]}<\/script>\n<!-- \/ Yoast SEO plugin. -->","yoast_head_json":{"title":"Mini tamal ingl\u00e9s de pi\u00f1a - Emissa INC","robots":{"index":"index","follow":"follow","max-snippet":"max-snippet:-1","max-image-preview":"max-image-preview:large","max-video-preview":"max-video-preview:-1"},"canonical":"https:\/\/emmisa.com\/en\/product\/mini-english-pineapple-tamale\/","og_locale":"en_US","og_type":"article","og_title":"Mini tamal ingl\u00e9s de pi\u00f1a - Emissa INC","og_description":"DESCRIPCI\u00d3N DEL PRODUCTO: Tamal dulce tradicional hecho de ma\u00edz nixtamalizado, a\u00f1adido con az\u00facar y colorante natural de pi\u00f1a poblano FD&amp;C AMARILLO #5, con un peso total de 2.1 ONZAS listo para el consumo, el cual est\u00e1 congelado y empaquetado de acuerdo con las Buenas Pr\u00e1cticas de Manufactura y el Sistema HACCP. Ingredientes: Ma\u00edz nixtamalizado Manteca &hellip; Mini tamal ingl\u00e9s de pi\u00f1a Read More &raquo;","og_url":"https:\/\/emmisa.com\/en\/product\/mini-english-pineapple-tamale\/","og_site_name":"Emissa INC","article_modified_time":"2024-05-19T20:12:16+00:00","og_image":[{"width":1080,"height":1080,"url":"https:\/\/emmisa.com\/wp-content\/uploads\/2023\/12\/Proyecto-nuevo-1-1.jpg","type":"image\/jpeg"}],"twitter_card":"summary_large_image","twitter_misc":{"Est. reading time":"1 minute"},"schema":{"@context":"https:\/\/schema.org","@graph":[{"@type":"WebPage","@id":"https:\/\/emmisa.com\/product\/mini-english-pineapple-tamale\/","url":"https:\/\/emmisa.com\/product\/mini-english-pineapple-tamale\/","name":"Mini tamal ingl\u00e9s de pi\u00f1a - Emissa INC","isPartOf":{"@id":"https:\/\/emmisa.com\/#website"},"primaryImageOfPage":{"@id":"https:\/\/emmisa.com\/product\/mini-english-pineapple-tamale\/#primaryimage"},"image":{"@id":"https:\/\/emmisa.com\/product\/mini-english-pineapple-tamale\/#primaryimage"},"thumbnailUrl":"https:\/\/emmisa.com\/wp-content\/uploads\/2023\/12\/Proyecto-nuevo-1-1.jpg","datePublished":"2023-12-31T20:53:58+00:00","dateModified":"2024-05-19T20:12:16+00:00","breadcrumb":{"@id":"https:\/\/emmisa.com\/product\/mini-english-pineapple-tamale\/#breadcrumb"},"inLanguage":"en-CA","potentialAction":[{"@type":"ReadAction","target":["https:\/\/emmisa.com\/product\/mini-english-pineapple-tamale\/"]}]},{"@type":"ImageObject","inLanguage":"en-CA","@id":"https:\/\/emmisa.com\/product\/mini-english-pineapple-tamale\/#primaryimage","url":"https:\/\/emmisa.com\/wp-content\/uploads\/2023\/12\/Proyecto-nuevo-1-1.jpg","contentUrl":"https:\/\/emmisa.com\/wp-content\/uploads\/2023\/12\/Proyecto-nuevo-1-1.jpg","width":1080,"height":1080},{"@type":"BreadcrumbList","@id":"https:\/\/emmisa.com\/product\/mini-english-pineapple-tamale\/#breadcrumb","itemListElement":[{"@type":"ListItem","position":1,"name":"Inicio","item":"https:\/\/emmisa.com\/"},{"@type":"ListItem","position":2,"name":"Shop","item":"https:\/\/emmisa.com\/en\/shop\/"},{"@type":"ListItem","position":3,"name":"Mini tamal ingl\u00e9s de pi\u00f1a"}]},{"@type":"WebSite","@id":"https:\/\/emmisa.com\/#website","url":"https:\/\/emmisa.com\/","name":"Emissa - Compa\u00f1\u00eda de Brokers Internacional","description":"Internacional Business Alliances","publisher":{"@id":"https:\/\/emmisa.com\/#organization"},"potentialAction":[{"@type":"SearchAction","target":{"@type":"EntryPoint","urlTemplate":"https:\/\/emmisa.com\/?s={search_term_string}"},"query-input":{"@type":"PropertyValueSpecification","valueRequired":true,"valueName":"search_term_string"}}],"inLanguage":"en-CA"},{"@type":"Organization","@id":"https:\/\/emmisa.com\/#organization","name":"Emissa INC","url":"https:\/\/emmisa.com\/","logo":{"@type":"ImageObject","inLanguage":"en-CA","@id":"https:\/\/emmisa.com\/#\/schema\/logo\/image\/","url":"https:\/\/emmisa.com\/wp-content\/uploads\/2023\/09\/cropped-logo-emmisa-1-e1695405138540.png","contentUrl":"https:\/\/emmisa.com\/wp-content\/uploads\/2023\/09\/cropped-logo-emmisa-1-e1695405138540.png","width":512,"height":512,"caption":"Emissa INC"},"image":{"@id":"https:\/\/emmisa.com\/#\/schema\/logo\/image\/"}}]}},"_links":{"self":[{"href":"https:\/\/emmisa.com\/en\/wp-json\/wp\/v2\/product\/1275","targetHints":{"allow":["GET"]}}],"collection":[{"href":"https:\/\/emmisa.com\/en\/wp-json\/wp\/v2\/product"}],"about":[{"href":"https:\/\/emmisa.com\/en\/wp-json\/wp\/v2\/types\/product"}],"replies":[{"embeddable":true,"href":"https:\/\/emmisa.com\/en\/wp-json\/wp\/v2\/comments?post=1275"}],"wp:featuredmedia":[{"embeddable":true,"href":"https:\/\/emmisa.com\/en\/wp-json\/wp\/v2\/media\/1301"}],"wp:attachment":[{"href":"https:\/\/emmisa.com\/en\/wp-json\/wp\/v2\/media?parent=1275"}],"wp:term":[{"taxonomy":"product_brand","embeddable":true,"href":"https:\/\/emmisa.com\/en\/wp-json\/wp\/v2\/product_brand?post=1275"},{"taxonomy":"product_cat","embeddable":true,"href":"https:\/\/emmisa.com\/en\/wp-json\/wp\/v2\/product_cat?post=1275"},{"taxonomy":"product_tag","embeddable":true,"href":"https:\/\/emmisa.com\/en\/wp-json\/wp\/v2\/product_tag?post=1275"}],"curies":[{"name":"wp","href":"https:\/\/api.w.org\/{rel}","templated":true}]}}