{"id":1172,"date":"2023-12-31T20:41:45","date_gmt":"2023-12-31T20:41:45","guid":{"rendered":"https:\/\/emmisa.com\/?post_type=product&#038;p=1172"},"modified":"2024-05-25T02:57:14","modified_gmt":"2024-05-25T02:57:14","slug":"pulpa-natural-congelada-de-aguacate-hass","status":"publish","type":"product","link":"https:\/\/emmisa.com\/en\/product\/pulpa-natural-congelada-de-aguacate-hass\/","title":{"rendered":"Frozen Natural Hass Avocado Pulp"},"content":{"rendered":"<p>Comun\u00edquese con nosotros para conocer sus necesidades y precios espec\u00edficos.<\/p>\n<p>De M\u00e9xico, Per\u00fa y Ecuador<br \/>\nEl aguacate fresco dura de 3 a 5 d\u00edas, nuestro producto tiene una vida \u00fatil de 24 meses congelado.<br \/>\nIdeal para:<br \/>\nguacamole<br \/>\nbatidos<br \/>\nHelado<br \/>\nAp\u00f3sitos<\/p>","protected":false},"excerpt":{"rendered":"<p>Comun\u00edquese con nosotros para conocer sus necesidades y precios espec\u00edficos.<\/p>\n<p>De M\u00e9xico, Per\u00fa y Ecuador<br \/>\nEl aguacate fresco dura de 3 a 5 d\u00edas, nuestro producto tiene una vida \u00fatil de 24 meses congelado.<br \/>\nIdeal para:<br \/>\nguacamole<br \/>\nbatidos<br \/>\nHelado<br \/>\nAp\u00f3sitos<\/p>","protected":false},"featured_media":1173,"comment_status":"open","ping_status":"closed","template":"","meta":{"site-sidebar-layout":"default","site-content-layout":"","ast-site-content-layout":"default","site-content-style":"default","site-sidebar-style":"default","ast-global-header-display":"","ast-banner-title-visibility":"","ast-main-header-display":"","ast-hfb-above-header-display":"","ast-hfb-below-header-display":"","ast-hfb-mobile-header-display":"","site-post-title":"","ast-breadcrumbs-content":"","ast-featured-img":"","footer-sml-layout":"","theme-transparent-header-meta":"default","adv-header-id-meta":"","stick-header-meta":"","header-above-stick-meta":"","header-main-stick-meta":"","header-below-stick-meta":"","astra-migrate-meta-layouts":"set"},"product_brand":[],"product_cat":[58,60],"product_tag":[],"class_list":{"0":"post-1172","1":"product","2":"type-product","3":"status-publish","4":"has-post-thumbnail","6":"product_cat-aguacate","7":"product_cat-pulpas","8":"desktop-align-left","9":"tablet-align-left","10":"mobile-align-left","12":"first","13":"instock","14":"shipping-taxable","15":"product-type-simple"},"yoast_head":"<!-- This site is optimized with the Yoast SEO plugin v27.0 - https:\/\/yoast.com\/product\/yoast-seo-wordpress\/ -->\n<title>Pulpa Natural Congelada De Aguacate Hass - Emissa INC<\/title>\n<meta name=\"robots\" content=\"index, follow, max-snippet:-1, max-image-preview:large, max-video-preview:-1\" \/>\n<link rel=\"canonical\" href=\"https:\/\/emmisa.com\/en\/product\/pulpa-natural-congelada-de-aguacate-hass\/\" \/>\n<meta property=\"og:locale\" content=\"en_US\" \/>\n<meta property=\"og:type\" content=\"article\" \/>\n<meta property=\"og:title\" content=\"Pulpa Natural Congelada De Aguacate Hass - Emissa INC\" \/>\n<meta property=\"og:description\" content=\"Comun\u00edquese con nosotros para conocer sus necesidades y precios espec\u00edficos.  De M\u00e9xico, Per\u00fa y Ecuador El aguacate fresco dura de 3 a 5 d\u00edas, nuestro producto tiene una vida \u00fatil de 24 meses congelado. Ideal para: guacamole batidos Helado Ap\u00f3sitos\" \/>\n<meta property=\"og:url\" content=\"https:\/\/emmisa.com\/en\/product\/pulpa-natural-congelada-de-aguacate-hass\/\" \/>\n<meta property=\"og:site_name\" content=\"Emissa INC\" \/>\n<meta property=\"article:modified_time\" content=\"2024-05-25T02:57:14+00:00\" \/>\n<meta property=\"og:image\" content=\"https:\/\/emmisa.com\/wp-content\/uploads\/2023\/12\/Proyecto-nuevo-24.png\" \/>\n\t<meta property=\"og:image:width\" content=\"1080\" \/>\n\t<meta property=\"og:image:height\" content=\"1080\" \/>\n\t<meta property=\"og:image:type\" content=\"image\/png\" \/>\n<meta name=\"twitter:card\" content=\"summary_large_image\" \/>\n<meta name=\"twitter:label1\" content=\"Est. reading time\" \/>\n\t<meta name=\"twitter:data1\" content=\"1 minute\" \/>\n<script type=\"application\/ld+json\" class=\"yoast-schema-graph\">{\"@context\":\"https:\/\/schema.org\",\"@graph\":[{\"@type\":\"WebPage\",\"@id\":\"https:\/\/emmisa.com\/product\/pulpa-natural-congelada-de-aguacate-hass\/\",\"url\":\"https:\/\/emmisa.com\/product\/pulpa-natural-congelada-de-aguacate-hass\/\",\"name\":\"Pulpa Natural Congelada De Aguacate Hass - Emissa INC\",\"isPartOf\":{\"@id\":\"https:\/\/emmisa.com\/#website\"},\"primaryImageOfPage\":{\"@id\":\"https:\/\/emmisa.com\/product\/pulpa-natural-congelada-de-aguacate-hass\/#primaryimage\"},\"image\":{\"@id\":\"https:\/\/emmisa.com\/product\/pulpa-natural-congelada-de-aguacate-hass\/#primaryimage\"},\"thumbnailUrl\":\"https:\/\/emmisa.com\/wp-content\/uploads\/2023\/12\/Proyecto-nuevo-24.png\",\"datePublished\":\"2023-12-31T20:41:45+00:00\",\"dateModified\":\"2024-05-25T02:57:14+00:00\",\"breadcrumb\":{\"@id\":\"https:\/\/emmisa.com\/product\/pulpa-natural-congelada-de-aguacate-hass\/#breadcrumb\"},\"inLanguage\":\"en-CA\",\"potentialAction\":[{\"@type\":\"ReadAction\",\"target\":[\"https:\/\/emmisa.com\/product\/pulpa-natural-congelada-de-aguacate-hass\/\"]}]},{\"@type\":\"ImageObject\",\"inLanguage\":\"en-CA\",\"@id\":\"https:\/\/emmisa.com\/product\/pulpa-natural-congelada-de-aguacate-hass\/#primaryimage\",\"url\":\"https:\/\/emmisa.com\/wp-content\/uploads\/2023\/12\/Proyecto-nuevo-24.png\",\"contentUrl\":\"https:\/\/emmisa.com\/wp-content\/uploads\/2023\/12\/Proyecto-nuevo-24.png\",\"width\":1080,\"height\":1080},{\"@type\":\"BreadcrumbList\",\"@id\":\"https:\/\/emmisa.com\/product\/pulpa-natural-congelada-de-aguacate-hass\/#breadcrumb\",\"itemListElement\":[{\"@type\":\"ListItem\",\"position\":1,\"name\":\"Inicio\",\"item\":\"https:\/\/emmisa.com\/\"},{\"@type\":\"ListItem\",\"position\":2,\"name\":\"Shop\",\"item\":\"https:\/\/emmisa.com\/en\/shop\/\"},{\"@type\":\"ListItem\",\"position\":3,\"name\":\"Pulpa Natural Congelada De Aguacate Hass\"}]},{\"@type\":\"WebSite\",\"@id\":\"https:\/\/emmisa.com\/#website\",\"url\":\"https:\/\/emmisa.com\/\",\"name\":\"Emissa - Compa\u00f1\u00eda de Brokers Internacional\",\"description\":\"Internacional Business Alliances\",\"publisher\":{\"@id\":\"https:\/\/emmisa.com\/#organization\"},\"potentialAction\":[{\"@type\":\"SearchAction\",\"target\":{\"@type\":\"EntryPoint\",\"urlTemplate\":\"https:\/\/emmisa.com\/?s={search_term_string}\"},\"query-input\":{\"@type\":\"PropertyValueSpecification\",\"valueRequired\":true,\"valueName\":\"search_term_string\"}}],\"inLanguage\":\"en-CA\"},{\"@type\":\"Organization\",\"@id\":\"https:\/\/emmisa.com\/#organization\",\"name\":\"Emissa INC\",\"url\":\"https:\/\/emmisa.com\/\",\"logo\":{\"@type\":\"ImageObject\",\"inLanguage\":\"en-CA\",\"@id\":\"https:\/\/emmisa.com\/#\/schema\/logo\/image\/\",\"url\":\"https:\/\/emmisa.com\/wp-content\/uploads\/2023\/09\/cropped-logo-emmisa-1-e1695405138540.png\",\"contentUrl\":\"https:\/\/emmisa.com\/wp-content\/uploads\/2023\/09\/cropped-logo-emmisa-1-e1695405138540.png\",\"width\":512,\"height\":512,\"caption\":\"Emissa INC\"},\"image\":{\"@id\":\"https:\/\/emmisa.com\/#\/schema\/logo\/image\/\"}}]}<\/script>\n<!-- \/ Yoast SEO plugin. -->","yoast_head_json":{"title":"Pulpa Natural Congelada De Aguacate Hass - Emissa INC","robots":{"index":"index","follow":"follow","max-snippet":"max-snippet:-1","max-image-preview":"max-image-preview:large","max-video-preview":"max-video-preview:-1"},"canonical":"https:\/\/emmisa.com\/en\/product\/pulpa-natural-congelada-de-aguacate-hass\/","og_locale":"en_US","og_type":"article","og_title":"Pulpa Natural Congelada De Aguacate Hass - Emissa INC","og_description":"Comun\u00edquese con nosotros para conocer sus necesidades y precios espec\u00edficos.  De M\u00e9xico, Per\u00fa y Ecuador El aguacate fresco dura de 3 a 5 d\u00edas, nuestro producto tiene una vida \u00fatil de 24 meses congelado. Ideal para: guacamole batidos Helado Ap\u00f3sitos","og_url":"https:\/\/emmisa.com\/en\/product\/pulpa-natural-congelada-de-aguacate-hass\/","og_site_name":"Emissa INC","article_modified_time":"2024-05-25T02:57:14+00:00","og_image":[{"width":1080,"height":1080,"url":"https:\/\/emmisa.com\/wp-content\/uploads\/2023\/12\/Proyecto-nuevo-24.png","type":"image\/png"}],"twitter_card":"summary_large_image","twitter_misc":{"Est. reading time":"1 minute"},"schema":{"@context":"https:\/\/schema.org","@graph":[{"@type":"WebPage","@id":"https:\/\/emmisa.com\/product\/pulpa-natural-congelada-de-aguacate-hass\/","url":"https:\/\/emmisa.com\/product\/pulpa-natural-congelada-de-aguacate-hass\/","name":"Pulpa Natural Congelada De Aguacate Hass - Emissa INC","isPartOf":{"@id":"https:\/\/emmisa.com\/#website"},"primaryImageOfPage":{"@id":"https:\/\/emmisa.com\/product\/pulpa-natural-congelada-de-aguacate-hass\/#primaryimage"},"image":{"@id":"https:\/\/emmisa.com\/product\/pulpa-natural-congelada-de-aguacate-hass\/#primaryimage"},"thumbnailUrl":"https:\/\/emmisa.com\/wp-content\/uploads\/2023\/12\/Proyecto-nuevo-24.png","datePublished":"2023-12-31T20:41:45+00:00","dateModified":"2024-05-25T02:57:14+00:00","breadcrumb":{"@id":"https:\/\/emmisa.com\/product\/pulpa-natural-congelada-de-aguacate-hass\/#breadcrumb"},"inLanguage":"en-CA","potentialAction":[{"@type":"ReadAction","target":["https:\/\/emmisa.com\/product\/pulpa-natural-congelada-de-aguacate-hass\/"]}]},{"@type":"ImageObject","inLanguage":"en-CA","@id":"https:\/\/emmisa.com\/product\/pulpa-natural-congelada-de-aguacate-hass\/#primaryimage","url":"https:\/\/emmisa.com\/wp-content\/uploads\/2023\/12\/Proyecto-nuevo-24.png","contentUrl":"https:\/\/emmisa.com\/wp-content\/uploads\/2023\/12\/Proyecto-nuevo-24.png","width":1080,"height":1080},{"@type":"BreadcrumbList","@id":"https:\/\/emmisa.com\/product\/pulpa-natural-congelada-de-aguacate-hass\/#breadcrumb","itemListElement":[{"@type":"ListItem","position":1,"name":"Inicio","item":"https:\/\/emmisa.com\/"},{"@type":"ListItem","position":2,"name":"Shop","item":"https:\/\/emmisa.com\/en\/shop\/"},{"@type":"ListItem","position":3,"name":"Pulpa Natural Congelada De Aguacate Hass"}]},{"@type":"WebSite","@id":"https:\/\/emmisa.com\/#website","url":"https:\/\/emmisa.com\/","name":"Emissa - Compa\u00f1\u00eda de Brokers Internacional","description":"Internacional Business Alliances","publisher":{"@id":"https:\/\/emmisa.com\/#organization"},"potentialAction":[{"@type":"SearchAction","target":{"@type":"EntryPoint","urlTemplate":"https:\/\/emmisa.com\/?s={search_term_string}"},"query-input":{"@type":"PropertyValueSpecification","valueRequired":true,"valueName":"search_term_string"}}],"inLanguage":"en-CA"},{"@type":"Organization","@id":"https:\/\/emmisa.com\/#organization","name":"Emissa INC","url":"https:\/\/emmisa.com\/","logo":{"@type":"ImageObject","inLanguage":"en-CA","@id":"https:\/\/emmisa.com\/#\/schema\/logo\/image\/","url":"https:\/\/emmisa.com\/wp-content\/uploads\/2023\/09\/cropped-logo-emmisa-1-e1695405138540.png","contentUrl":"https:\/\/emmisa.com\/wp-content\/uploads\/2023\/09\/cropped-logo-emmisa-1-e1695405138540.png","width":512,"height":512,"caption":"Emissa INC"},"image":{"@id":"https:\/\/emmisa.com\/#\/schema\/logo\/image\/"}}]}},"_links":{"self":[{"href":"https:\/\/emmisa.com\/en\/wp-json\/wp\/v2\/product\/1172","targetHints":{"allow":["GET"]}}],"collection":[{"href":"https:\/\/emmisa.com\/en\/wp-json\/wp\/v2\/product"}],"about":[{"href":"https:\/\/emmisa.com\/en\/wp-json\/wp\/v2\/types\/product"}],"replies":[{"embeddable":true,"href":"https:\/\/emmisa.com\/en\/wp-json\/wp\/v2\/comments?post=1172"}],"wp:featuredmedia":[{"embeddable":true,"href":"https:\/\/emmisa.com\/en\/wp-json\/wp\/v2\/media\/1173"}],"wp:attachment":[{"href":"https:\/\/emmisa.com\/en\/wp-json\/wp\/v2\/media?parent=1172"}],"wp:term":[{"taxonomy":"product_brand","embeddable":true,"href":"https:\/\/emmisa.com\/en\/wp-json\/wp\/v2\/product_brand?post=1172"},{"taxonomy":"product_cat","embeddable":true,"href":"https:\/\/emmisa.com\/en\/wp-json\/wp\/v2\/product_cat?post=1172"},{"taxonomy":"product_tag","embeddable":true,"href":"https:\/\/emmisa.com\/en\/wp-json\/wp\/v2\/product_tag?post=1172"}],"curies":[{"name":"wp","href":"https:\/\/api.w.org\/{rel}","templated":true}]}}