{"id":1164,"date":"2023-12-31T20:31:28","date_gmt":"2023-12-31T20:31:28","guid":{"rendered":"https:\/\/emmisa.com\/?post_type=product&#038;p=1164"},"modified":"2024-05-19T19:53:56","modified_gmt":"2024-05-19T19:53:56","slug":"fresh-cactus-pad-in-a-box","status":"publish","type":"product","link":"https:\/\/emmisa.com\/en\/product\/fresh-cactus-pad-in-a-box\/","title":{"rendered":"Fresh cactus pad in a box"},"content":{"rendered":"","protected":false},"excerpt":{"rendered":"<div class=\"flex flex-grow flex-col max-w-full\">\n<div class=\"min-h-[20px] text-message flex flex-col items-start whitespace-pre-wrap break-words [.text-message+&amp;]:mt-5 juice:w-full juice:items-end overflow-x-auto gap-2\" dir=\"auto\" data-message-author-role=\"assistant\" data-message-id=\"5d51f185-13de-4f2b-bdd8-7477735a3e57\">\n<div class=\"flex w-full flex-col gap-1 juice:empty:hidden juice:first:pt-[3px]\">\n<div class=\"markdown prose w-full break-words dark:prose-invert dark\">\n<p><strong>Por favor, cont\u00e1ctenos para sus necesidades espec\u00edficas y precios.<\/strong><\/p>\n<p><strong>DESCRIPCI\u00d3N:<\/strong><\/p>\n<p><strong>CAJA DE NOPAL FRESCO CON 37 LIBRAS CADA UNA (APROXIMADAMENTE 35 A 45 CM DE TAMA\u00d1O)<\/strong><\/p>\n<p><strong>FECHAS DE PRODUCCI\u00d3N DISPONIBLES:<\/strong><\/p>\n<ul>\n<li>De abril a septiembre<\/li>\n<li>De octubre a marzo<\/li>\n<\/ul>\n<p>Los nopales son hojas planas y ovaladas del cactus nopal (Opuntia).<\/p>\n<p>\u2013 Se utilizan en varios platos culinarios, particularmente en la cocina mexicana.<br \/>\n\u2013 Los nopales son ricos en vitaminas, minerales y fibra, lo que los convierte en una opci\u00f3n nutritiva.<br \/>\n\u2013 Pueden ayudar a controlar los niveles de az\u00facar en la sangre, apoyar la salud del coraz\u00f3n y mejorar la digesti\u00f3n.<br \/>\n\u2013 Nuestra empresa maneja todo el proceso, desde el cultivo hasta el procesamiento del producto, asegurando nopales de calidad para su mesa.<br \/>\n\u2013 Cuando elige nuestros productos de cactus, no solo obtiene sabores deliciosos, sino tambi\u00e9n una opci\u00f3n alimentaria nutritiva y vers\u00e1til.<\/p>\n<\/div>\n<\/div>\n<\/div>\n<\/div>\n<div class=\"mt-1 flex gap-3 empty:hidden juice:-ml-3\">\n<div class=\"items-center justify-start rounded-xl p-1 flex\">\n<div class=\"flex items-center\">\n<div class=\"flex items-center pb-0.5 juice:pb-0\"><\/div>\n<\/div>\n<\/div>\n<\/div>\n","protected":false},"featured_media":1165,"comment_status":"open","ping_status":"closed","template":"","meta":{"site-sidebar-layout":"default","site-content-layout":"","ast-site-content-layout":"default","site-content-style":"default","site-sidebar-style":"default","ast-global-header-display":"","ast-banner-title-visibility":"","ast-main-header-display":"","ast-hfb-above-header-display":"","ast-hfb-below-header-display":"","ast-hfb-mobile-header-display":"","site-post-title":"","ast-breadcrumbs-content":"","ast-featured-img":"","footer-sml-layout":"","theme-transparent-header-meta":"default","adv-header-id-meta":"","stick-header-meta":"","header-above-stick-meta":"","header-main-stick-meta":"","header-below-stick-meta":"","astra-migrate-meta-layouts":"set"},"product_brand":[],"product_cat":[37],"product_tag":[],"class_list":{"0":"post-1164","1":"product","2":"type-product","3":"status-publish","4":"has-post-thumbnail","6":"product_cat-primary-products","7":"desktop-align-left","8":"tablet-align-left","9":"mobile-align-left","11":"first","12":"instock","13":"shipping-taxable","14":"product-type-simple"},"yoast_head":"<!-- This site is optimized with the Yoast SEO plugin v27.0 - https:\/\/yoast.com\/product\/yoast-seo-wordpress\/ -->\n<title>Nopal fresco en caja<\/title>\n<meta name=\"robots\" content=\"index, follow, max-snippet:-1, max-image-preview:large, max-video-preview:-1\" \/>\n<link rel=\"canonical\" href=\"https:\/\/emmisa.com\/en\/product\/fresh-cactus-pad-in-a-box\/\" \/>\n<meta property=\"og:locale\" content=\"en_US\" \/>\n<meta property=\"og:type\" content=\"article\" \/>\n<meta property=\"og:title\" content=\"Nopal fresco en caja\" \/>\n<meta property=\"og:description\" content=\"Por favor, cont\u00e1ctenos para sus necesidades espec\u00edficas y precios.  DESCRIPCI\u00d3N:  CAJA DE NOPAL FRESCO CON 37 LIBRAS CADA UNA (APROXIMADAMENTE 35 A 45 CM DE TAMA\u00d1O)  FECHAS DE PRODUCCI\u00d3N DISPONIBLES:   De abril a septiembre  De octubre a marzo  Los nopales son hojas planas y ovaladas del cactus nopal (Opuntia).  \u2013 Se utilizan en varios platos culinarios, particularmente en la cocina mexicana. \u2013 Los nopales son ricos en vitaminas, minerales y fibra, lo que los convierte en una opci\u00f3n nutritiva. \u2013 Pueden ayudar a controlar los niveles de az\u00facar en la sangre, apoyar la salud del coraz\u00f3n y mejorar la digesti\u00f3n. \u2013 Nuestra empresa maneja todo el proceso, desde el cultivo hasta el procesamiento del producto, asegurando nopales de calidad para su mesa. \u2013 Cuando elige nuestros productos de cactus, no solo obtiene sabores deliciosos, sino tambi\u00e9n una opci\u00f3n alimentaria nutritiva y vers\u00e1til.\" \/>\n<meta property=\"og:url\" content=\"https:\/\/emmisa.com\/en\/product\/fresh-cactus-pad-in-a-box\/\" \/>\n<meta property=\"og:site_name\" content=\"Emissa INC\" \/>\n<meta property=\"article:modified_time\" content=\"2024-05-19T19:53:56+00:00\" \/>\n<meta property=\"og:image\" content=\"https:\/\/emmisa.com\/wp-content\/uploads\/2023\/12\/NOPAL-NATURAL.jpg\" \/>\n\t<meta property=\"og:image:width\" content=\"1080\" \/>\n\t<meta property=\"og:image:height\" content=\"1080\" \/>\n\t<meta property=\"og:image:type\" content=\"image\/jpeg\" \/>\n<meta name=\"twitter:card\" content=\"summary_large_image\" \/>\n<meta name=\"twitter:label1\" content=\"Est. reading time\" \/>\n\t<meta name=\"twitter:data1\" content=\"1 minute\" \/>\n<script type=\"application\/ld+json\" class=\"yoast-schema-graph\">{\"@context\":\"https:\/\/schema.org\",\"@graph\":[{\"@type\":\"WebPage\",\"@id\":\"https:\/\/emmisa.com\/product\/fresh-cactus-pad-in-a-box\/\",\"url\":\"https:\/\/emmisa.com\/product\/fresh-cactus-pad-in-a-box\/\",\"name\":\"Nopal fresco en caja\",\"isPartOf\":{\"@id\":\"https:\/\/emmisa.com\/#website\"},\"primaryImageOfPage\":{\"@id\":\"https:\/\/emmisa.com\/product\/fresh-cactus-pad-in-a-box\/#primaryimage\"},\"image\":{\"@id\":\"https:\/\/emmisa.com\/product\/fresh-cactus-pad-in-a-box\/#primaryimage\"},\"thumbnailUrl\":\"https:\/\/emmisa.com\/wp-content\/uploads\/2023\/12\/NOPAL-NATURAL.jpg\",\"datePublished\":\"2023-12-31T20:31:28+00:00\",\"dateModified\":\"2024-05-19T19:53:56+00:00\",\"breadcrumb\":{\"@id\":\"https:\/\/emmisa.com\/product\/fresh-cactus-pad-in-a-box\/#breadcrumb\"},\"inLanguage\":\"en-CA\",\"potentialAction\":[{\"@type\":\"ReadAction\",\"target\":[\"https:\/\/emmisa.com\/product\/fresh-cactus-pad-in-a-box\/\"]}]},{\"@type\":\"ImageObject\",\"inLanguage\":\"en-CA\",\"@id\":\"https:\/\/emmisa.com\/product\/fresh-cactus-pad-in-a-box\/#primaryimage\",\"url\":\"https:\/\/emmisa.com\/wp-content\/uploads\/2023\/12\/NOPAL-NATURAL.jpg\",\"contentUrl\":\"https:\/\/emmisa.com\/wp-content\/uploads\/2023\/12\/NOPAL-NATURAL.jpg\",\"width\":1080,\"height\":1080},{\"@type\":\"BreadcrumbList\",\"@id\":\"https:\/\/emmisa.com\/product\/fresh-cactus-pad-in-a-box\/#breadcrumb\",\"itemListElement\":[{\"@type\":\"ListItem\",\"position\":1,\"name\":\"Inicio\",\"item\":\"https:\/\/emmisa.com\/\"},{\"@type\":\"ListItem\",\"position\":2,\"name\":\"Shop\",\"item\":\"https:\/\/emmisa.com\/en\/shop\/\"},{\"@type\":\"ListItem\",\"position\":3,\"name\":\"Nopal fresco en caja\"}]},{\"@type\":\"WebSite\",\"@id\":\"https:\/\/emmisa.com\/#website\",\"url\":\"https:\/\/emmisa.com\/\",\"name\":\"Emissa - Compa\u00f1\u00eda de Brokers Internacional\",\"description\":\"Internacional Business Alliances\",\"publisher\":{\"@id\":\"https:\/\/emmisa.com\/#organization\"},\"potentialAction\":[{\"@type\":\"SearchAction\",\"target\":{\"@type\":\"EntryPoint\",\"urlTemplate\":\"https:\/\/emmisa.com\/?s={search_term_string}\"},\"query-input\":{\"@type\":\"PropertyValueSpecification\",\"valueRequired\":true,\"valueName\":\"search_term_string\"}}],\"inLanguage\":\"en-CA\"},{\"@type\":\"Organization\",\"@id\":\"https:\/\/emmisa.com\/#organization\",\"name\":\"Emissa INC\",\"url\":\"https:\/\/emmisa.com\/\",\"logo\":{\"@type\":\"ImageObject\",\"inLanguage\":\"en-CA\",\"@id\":\"https:\/\/emmisa.com\/#\/schema\/logo\/image\/\",\"url\":\"https:\/\/emmisa.com\/wp-content\/uploads\/2023\/09\/cropped-logo-emmisa-1-e1695405138540.png\",\"contentUrl\":\"https:\/\/emmisa.com\/wp-content\/uploads\/2023\/09\/cropped-logo-emmisa-1-e1695405138540.png\",\"width\":512,\"height\":512,\"caption\":\"Emissa INC\"},\"image\":{\"@id\":\"https:\/\/emmisa.com\/#\/schema\/logo\/image\/\"}}]}<\/script>\n<!-- \/ Yoast SEO plugin. -->","yoast_head_json":{"title":"Fresh cactus pad in a box","robots":{"index":"index","follow":"follow","max-snippet":"max-snippet:-1","max-image-preview":"max-image-preview:large","max-video-preview":"max-video-preview:-1"},"canonical":"https:\/\/emmisa.com\/en\/product\/fresh-cactus-pad-in-a-box\/","og_locale":"en_US","og_type":"article","og_title":"Nopal fresco en caja","og_description":"Por favor, cont\u00e1ctenos para sus necesidades espec\u00edficas y precios.  DESCRIPCI\u00d3N:  CAJA DE NOPAL FRESCO CON 37 LIBRAS CADA UNA (APROXIMADAMENTE 35 A 45 CM DE TAMA\u00d1O)  FECHAS DE PRODUCCI\u00d3N DISPONIBLES:   De abril a septiembre  De octubre a marzo  Los nopales son hojas planas y ovaladas del cactus nopal (Opuntia).  \u2013 Se utilizan en varios platos culinarios, particularmente en la cocina mexicana. \u2013 Los nopales son ricos en vitaminas, minerales y fibra, lo que los convierte en una opci\u00f3n nutritiva. \u2013 Pueden ayudar a controlar los niveles de az\u00facar en la sangre, apoyar la salud del coraz\u00f3n y mejorar la digesti\u00f3n. \u2013 Nuestra empresa maneja todo el proceso, desde el cultivo hasta el procesamiento del producto, asegurando nopales de calidad para su mesa. \u2013 Cuando elige nuestros productos de cactus, no solo obtiene sabores deliciosos, sino tambi\u00e9n una opci\u00f3n alimentaria nutritiva y vers\u00e1til.","og_url":"https:\/\/emmisa.com\/en\/product\/fresh-cactus-pad-in-a-box\/","og_site_name":"Emissa INC","article_modified_time":"2024-05-19T19:53:56+00:00","og_image":[{"width":1080,"height":1080,"url":"https:\/\/emmisa.com\/wp-content\/uploads\/2023\/12\/NOPAL-NATURAL.jpg","type":"image\/jpeg"}],"twitter_card":"summary_large_image","twitter_misc":{"Est. reading time":"1 minute"},"schema":{"@context":"https:\/\/schema.org","@graph":[{"@type":"WebPage","@id":"https:\/\/emmisa.com\/product\/fresh-cactus-pad-in-a-box\/","url":"https:\/\/emmisa.com\/product\/fresh-cactus-pad-in-a-box\/","name":"Fresh cactus pad in a box","isPartOf":{"@id":"https:\/\/emmisa.com\/#website"},"primaryImageOfPage":{"@id":"https:\/\/emmisa.com\/product\/fresh-cactus-pad-in-a-box\/#primaryimage"},"image":{"@id":"https:\/\/emmisa.com\/product\/fresh-cactus-pad-in-a-box\/#primaryimage"},"thumbnailUrl":"https:\/\/emmisa.com\/wp-content\/uploads\/2023\/12\/NOPAL-NATURAL.jpg","datePublished":"2023-12-31T20:31:28+00:00","dateModified":"2024-05-19T19:53:56+00:00","breadcrumb":{"@id":"https:\/\/emmisa.com\/product\/fresh-cactus-pad-in-a-box\/#breadcrumb"},"inLanguage":"en-CA","potentialAction":[{"@type":"ReadAction","target":["https:\/\/emmisa.com\/product\/fresh-cactus-pad-in-a-box\/"]}]},{"@type":"ImageObject","inLanguage":"en-CA","@id":"https:\/\/emmisa.com\/product\/fresh-cactus-pad-in-a-box\/#primaryimage","url":"https:\/\/emmisa.com\/wp-content\/uploads\/2023\/12\/NOPAL-NATURAL.jpg","contentUrl":"https:\/\/emmisa.com\/wp-content\/uploads\/2023\/12\/NOPAL-NATURAL.jpg","width":1080,"height":1080},{"@type":"BreadcrumbList","@id":"https:\/\/emmisa.com\/product\/fresh-cactus-pad-in-a-box\/#breadcrumb","itemListElement":[{"@type":"ListItem","position":1,"name":"Inicio","item":"https:\/\/emmisa.com\/"},{"@type":"ListItem","position":2,"name":"Shop","item":"https:\/\/emmisa.com\/en\/shop\/"},{"@type":"ListItem","position":3,"name":"Nopal fresco en caja"}]},{"@type":"WebSite","@id":"https:\/\/emmisa.com\/#website","url":"https:\/\/emmisa.com\/","name":"Emissa - Compa\u00f1\u00eda de Brokers Internacional","description":"Internacional Business Alliances","publisher":{"@id":"https:\/\/emmisa.com\/#organization"},"potentialAction":[{"@type":"SearchAction","target":{"@type":"EntryPoint","urlTemplate":"https:\/\/emmisa.com\/?s={search_term_string}"},"query-input":{"@type":"PropertyValueSpecification","valueRequired":true,"valueName":"search_term_string"}}],"inLanguage":"en-CA"},{"@type":"Organization","@id":"https:\/\/emmisa.com\/#organization","name":"Emissa INC","url":"https:\/\/emmisa.com\/","logo":{"@type":"ImageObject","inLanguage":"en-CA","@id":"https:\/\/emmisa.com\/#\/schema\/logo\/image\/","url":"https:\/\/emmisa.com\/wp-content\/uploads\/2023\/09\/cropped-logo-emmisa-1-e1695405138540.png","contentUrl":"https:\/\/emmisa.com\/wp-content\/uploads\/2023\/09\/cropped-logo-emmisa-1-e1695405138540.png","width":512,"height":512,"caption":"Emissa INC"},"image":{"@id":"https:\/\/emmisa.com\/#\/schema\/logo\/image\/"}}]}},"_links":{"self":[{"href":"https:\/\/emmisa.com\/en\/wp-json\/wp\/v2\/product\/1164","targetHints":{"allow":["GET"]}}],"collection":[{"href":"https:\/\/emmisa.com\/en\/wp-json\/wp\/v2\/product"}],"about":[{"href":"https:\/\/emmisa.com\/en\/wp-json\/wp\/v2\/types\/product"}],"replies":[{"embeddable":true,"href":"https:\/\/emmisa.com\/en\/wp-json\/wp\/v2\/comments?post=1164"}],"wp:featuredmedia":[{"embeddable":true,"href":"https:\/\/emmisa.com\/en\/wp-json\/wp\/v2\/media\/1165"}],"wp:attachment":[{"href":"https:\/\/emmisa.com\/en\/wp-json\/wp\/v2\/media?parent=1164"}],"wp:term":[{"taxonomy":"product_brand","embeddable":true,"href":"https:\/\/emmisa.com\/en\/wp-json\/wp\/v2\/product_brand?post=1164"},{"taxonomy":"product_cat","embeddable":true,"href":"https:\/\/emmisa.com\/en\/wp-json\/wp\/v2\/product_cat?post=1164"},{"taxonomy":"product_tag","embeddable":true,"href":"https:\/\/emmisa.com\/en\/wp-json\/wp\/v2\/product_tag?post=1164"}],"curies":[{"name":"wp","href":"https:\/\/api.w.org\/{rel}","templated":true}]}}